{"id":996,"date":"2022-10-13T14:48:40","date_gmt":"2022-10-13T12:48:40","guid":{"rendered":"https:\/\/www.girl-boss.com\/?post_type=product&#038;p=996"},"modified":"2024-11-04T14:06:55","modified_gmt":"2024-11-04T13:06:55","slug":"formation-girl-boss-entrepreneuse","status":"publish","type":"product","link":"https:\/\/www.girl-boss.com\/index.php\/produit\/formation-girl-boss-entrepreneuse\/","title":{"rendered":"Formation Compl\u00e8te &#8211; Girl Boss"},"content":{"rendered":"","protected":false},"excerpt":{"rendered":"<p>Plus de 52 heures de vid\u00e9os e-learning pour cr\u00e9er, reprendre ou d\u00e9velopper une entreprise rentable.<\/p>\n<p>Acc\u00e8s \u00e0 toutes les vid\u00e9os e-learning pendant 3 mois.<br \/>\nExercices corrig\u00e9s 100% personnalis\u00e9s \u00e0 l&rsquo;\u00e9crit.<br \/>\nRdv 1:1 avec votre coach-formatrice en visio.<br \/>\nAcc\u00e8s aux webinaires.<br \/>\nPaiement en 4x disponibles.<br \/>\nFinancement CPF *sous conditions.<\/p>\n<p style=\"text-align: center;\"><a href=\"https:\/\/www.moncompteformation.gouv.fr\/espace-prive\/html\/#\/formation\/recherche\/90035596700010_creation-entreprise\/90035596700010_creer-entreprise-girl-boss?contexteFormation=ACTIVITE_PROFESSIONNELLE\"><span style=\"color: #ff0000;\"><strong>INSCRIPTION CPF ICI\u00a0<\/strong><\/span><\/a><\/p>\n<p>Nos Conditions G\u00e9n\u00e9rales de Vente de Conditions G\u00e9n\u00e9rales d&rsquo;Utilisation sont disponibles <a href=\"https:\/\/www.girl-boss.com\/index.php\/cgv\/\">ici<\/a>.<\/p>\n<p><strong>ADOPTER LE MINDSET ENTREPRENEUR (OFFERT &#8211; BONUS)<\/strong><\/p>\n<ul>\n<li style=\"list-style-type: none;\">\n<ul class=\"ul1\">\n<li class=\"li1\">Apprendre les m\u00e9thodes pour gagner en efficacit\u00e9.<span class=\"Apple-converted-space\">\u00a0<\/span><\/li>\n<li class=\"li1\">Comprendre la notion de proactivit\u00e9.<\/li>\n<li class=\"li1\">Op\u00e9rer le changement de paradigme.<\/li>\n<li class=\"li1\">Organisation : gestion et optimisation de son temps.<\/li>\n<li class=\"li2\">Apprendre \u00e0 surmonter le syndrome de l&rsquo;imposteur et des pens\u00e9es limitantes.<\/li>\n<\/ul>\n<\/li>\n<\/ul>\n<p><strong>CHOISIR SON STATUT JURIDIQUE\u00a0<\/strong><\/p>\n<ul class=\"ul1\">\n<li style=\"list-style-type: none;\">\n<ul class=\"ul1\">\n<li class=\"li1\">Conna\u00eetre les diff\u00e9rents statuts, leurs avantages, inconv\u00e9nients.<\/li>\n<li class=\"li1\">Comprendre l&rsquo;importance de l&rsquo;analyse initiale.<\/li>\n<li class=\"li1\">Focus : l&rsquo;auto entreprise et sa gestion simplifi\u00e9e.<\/li>\n<li class=\"li1\">Ouvrir son auto-entreprise.<\/li>\n<li class=\"li1\">Effectuer ses d\u00e9clarations en ligne.<span class=\"Apple-converted-space\">\u00a0<\/span><\/li>\n<li class=\"li2\">Focus : le format SASU \/ EURL<\/li>\n<\/ul>\n<\/li>\n<\/ul>\n<ul class=\"ul1\">\n<li class=\"li1\">Se positionner sur le march\u00e9.<\/li>\n<\/ul>\n<ul class=\"ul1\">\n<li style=\"list-style-type: none;\">\n<ul class=\"ul1\">\n<li class=\"li1\">\u00c9tude de l&rsquo;environnement : m\u00e9thode PESTEL &amp; 5 forces de Porter.<\/li>\n<li class=\"li1\">\u00c9tude de la concurrence : benchmark.<\/li>\n<li class=\"li1\">\u00c9tude du client cible : optimisation du ciblage avec le persona.<\/li>\n<li class=\"li1\">\u00c9valuer la pertinence de son produit\/service.<\/li>\n<li class=\"li1\">Identifier les opportunit\u00e9s de croissance : matrice Ansoff.<\/li>\n<li class=\"li1\">Fixer ses prix : price-maker \/ price-taker.<\/li>\n<li class=\"li1\">Ma\u00eetriser le complexe du triangle d\u2019or du positionnement : les attentes des clients, le positionnement des concurrents, les atouts potentiels du produit.<\/li>\n<li class=\"li1\">Utiliser la matrice SWOT pour poursuivre l&rsquo;\u00e9valuation permanente de strat\u00e9gie.<\/li>\n<li class=\"li1\">B\u00e2tir une strat\u00e9gie diff\u00e9renciante.<\/li>\n<li class=\"li2\">R\u00e9aliser son Business Plan et son Business Model.<\/li>\n<\/ul>\n<\/li>\n<\/ul>\n<p><strong>GESTION FINANCI\u00c8RE : MA\u00ceTRISER LES BASES DE LA FINANCE D&rsquo;ENTREPRISE<\/strong><\/p>\n<ul>\n<li style=\"list-style-type: none;\">\n<ul class=\"ul1\">\n<li class=\"li1\">Conna\u00eetre les bases de la comptabilit\u00e9 : bilan, compte de r\u00e9sultat, flux de tr\u00e9sorerie.<\/li>\n<li class=\"li1\">Savoir lire un bilan.<\/li>\n<li class=\"li1\">Savoir lire un compte de r\u00e9sultat.<\/li>\n<li class=\"li1\">Comprendre la notion de co\u00fbt variable \/ co\u00fbt fixe.<\/li>\n<li class=\"li1\">Calculer son point mort \/ sa rentabilit\u00e9.<\/li>\n<li class=\"li1\">Savoir piloter son entreprise pour effectuer des choix pertinents et amorcer une phase d&rsquo;expansion et d&rsquo;investissements.<\/li>\n<li class=\"li2\">Calculer son BFR.<\/li>\n<\/ul>\n<\/li>\n<\/ul>\n<p><strong>BOOSTER SON BUSINESS AVEC LES R\u00c9SEAUX SOCIAUX\u00a0<\/strong><\/p>\n<p><strong>Construire son identit\u00e9 visuelle.<\/strong><\/p>\n<ul class=\"ul1\">\n<li style=\"list-style-type: none;\">\n<ul class=\"ul1\">\n<li class=\"li1\">Cr\u00e9ation d&rsquo;un logo, d&rsquo;une palette de couleurs.<\/li>\n<li class=\"li1\">D\u00e9ployer l\u2019identit\u00e9 visuelle existante \u00e0 tous les supports de l\u2019entreprise.<\/li>\n<li class=\"li1\">D\u00e9ployer l\u2019identit\u00e9 visuelle existante sur les r\u00e9seaux sociaux.<\/li>\n<li class=\"li1\">Ma\u00eetriser sa cr\u00e9ation de visuels en autonomie.<\/li>\n<li class=\"li1\">Ma\u00eetriser sa cr\u00e9ation de contenu photo, vid\u00e9o.<\/li>\n<li class=\"li1\">Ma\u00eetriser les diff\u00e9rents formats des contenus web.<\/li>\n<li class=\"li1\">Ma\u00eetriser les outils de retouches photo et vid\u00e9o.<\/li>\n<li class=\"li1\">Savoir cr\u00e9er un contenu impactant.<\/li>\n<li class=\"li1\">Savoir cr\u00e9er un preset et le d\u00e9cliner.<\/li>\n<li class=\"li1\">Cr\u00e9ation de votre slogan.<\/li>\n<li class=\"li2\">La m\u00e9thode Signature.<\/li>\n<\/ul>\n<\/li>\n<\/ul>\n<p><strong>Promouvoir son business en ligne : strat\u00e9gie r\u00e9seaux sociaux pour cr\u00e9er une communaut\u00e9 et booster ses ventes.<\/strong><\/p>\n<ul>\n<li style=\"list-style-type: none;\">\n<ul class=\"ul1\">\n<li class=\"li1\">Comprendre l\u2019importance d\u2019instaurer une synergie entre les diff\u00e9rents r\u00e9seaux sociaux.<\/li>\n<li class=\"li1\">Conna\u00eetre les singularit\u00e9s de chaque r\u00e9seau social pour en user \u00e0 bon escient.<\/li>\n<li class=\"li1\">Savoir prendre en main les r\u00e9seaux sociaux : Instagram, Facebook, TikTok, Pinterest.<\/li>\n<li class=\"li1\">Savoir cr\u00e9er un planning \u00e9ditorial sur un mois pour gagner du temps.<\/li>\n<li class=\"li1\">Ma\u00eetriser la plateforme Facebook Business.<\/li>\n<li class=\"li1\">Ma\u00eetriser le d\u00e9veloppement et l\u2019animation d\u2019une communaut\u00e9.<\/li>\n<li class=\"li1\">Savoir r\u00e9aliser un post complet.<\/li>\n<li class=\"li1\">D\u00e9velopper une strat\u00e9gie hashtags efficiente.<\/li>\n<li class=\"li1\">Conna\u00eetre les horaires favorables pour poster.<\/li>\n<li class=\"li1\">Mettre en place sa propre strat\u00e9gie digitale adapt\u00e9e \u00e0 son business.<\/li>\n<li class=\"li1\">Ma\u00eetriser les techniques Growthhacking.<\/li>\n<li class=\"li1\">Ma\u00eetriser l\u2019animation organique des r\u00e9seaux sociaux.<\/li>\n<li class=\"li2\">Ma\u00eetriser les astuces pour booster sa communaut\u00e9.<\/li>\n<\/ul>\n<\/li>\n<\/ul>\n<p><strong>MARKETING D\u2019INFLUENCE<\/strong><\/p>\n<ul>\n<li style=\"list-style-type: none;\">\n<ul>\n<li>Marketing d\u2019influence, c\u2019est quoi ?<\/li>\n<li>Replay d\u2019une conf\u00e9rence sur le marketing d\u2019influence propos\u00e9e en \u00e9cole de commerce<\/li>\n<li>Les diff\u00e9rents types d\u2019influenceurs<\/li>\n<li>Les types de collaborations<\/li>\n<li>La r\u00e9mun\u00e9ration en fonction du profil<\/li>\n<li>Savoir r\u00e9diger un brief influenceur<\/li>\n<li>Savoir r\u00e9diger un contrat pour un influenceur<\/li>\n<\/ul>\n<\/li>\n<\/ul>\n<p><strong>MA\u00ceTRISER LA CONVERSION : VENDRE SES PRODUITS ET SES SERVICES<\/strong><\/p>\n<ul class=\"ul1\">\n<li style=\"list-style-type: none;\">\n<ul class=\"ul1\">\n<li class=\"li1\">Apprendre \u00e0 identifier les besoins du client.<\/li>\n<li class=\"li1\">Conna\u00eetre les \u00e9tapes de la vente.<\/li>\n<li class=\"li1\">Vendre sans donner l&rsquo;impression de vendre.<\/li>\n<li class=\"li1\">Savoir traiter des objections.<\/li>\n<li class=\"li1\">Ma\u00eetriser la technique de l&rsquo;isolation de l&rsquo;objection.<\/li>\n<li class=\"li1\">D\u00e9velopper la capacit\u00e9 \u00e0 conclure vos \u00e9changes.<\/li>\n<li class=\"li1\">Savoir cr\u00e9er un script de vente pour uniformiser son process.<\/li>\n<li class=\"li1\">Hypnose conversationnelle.<\/li>\n<li class=\"li1\">Conna\u00eetre le principe : pacing &amp; leading.<\/li>\n<li class=\"li1\">D\u00e9velopper le \u00ab\u00a0customer care\u00a0\u00bb : objectif fid\u00e9lisation.<\/li>\n<li class=\"li2\">Focus positionnement \u00ab\u00a0high ticket\u00a0\u00bb.<\/li>\n<\/ul>\n<\/li>\n<\/ul>\n<p><strong>LEADERSHIP &#8211; APPRENDRE \u00c0 F\u00c9D\u00c9RER.<\/strong><\/p>\n<ul class=\"ul1\">\n<li style=\"list-style-type: none;\">\n<ul class=\"ul1\">\n<li class=\"li1\">Ma\u00eetriser la prise de paroles en public lors de la pr\u00e9sentation de son projet.<\/li>\n<li class=\"li1\">Ma\u00eetriser l&rsquo;art de convaincre et f\u00e9d\u00e9rer autour de son projet.<\/li>\n<li class=\"li1\">Construire sa vision et savoir la faire partager.<\/li>\n<li class=\"li1\">Apprendre \u00e0 cibler, argumenter son discours.<\/li>\n<li class=\"li1\">\u00c9tablir des bases communes entre vous, votre auditoire et le projet.<\/li>\n<li class=\"li1\">Amener une probl\u00e9matique claire.<\/li>\n<li class=\"li1\">Ma\u00eetriser les \u00e9tapes de l&rsquo;argumentation pour proposer une vision aboutie du projet permettant de se projeter.<\/li>\n<li class=\"li2\">Mentionner les diff\u00e9rentes options envisageables pour atteindre l&rsquo;objectif.<\/li>\n<\/ul>\n<\/li>\n<\/ul>\n","protected":false},"featured_media":998,"template":"","meta":{"_monsterinsights_skip_tracking":false,"_monsterinsights_sitenote_active":false,"_monsterinsights_sitenote_note":"","_monsterinsights_sitenote_category":0},"product_brand":[],"product_cat":[27],"product_tag":[],"class_list":{"0":"post-996","1":"product","2":"type-product","3":"status-publish","4":"has-post-thumbnail","6":"product_cat-non-classe","8":"first","9":"instock","10":"sale","11":"virtual","12":"purchasable","13":"product-type-simple"},"yoast_head":"<!-- This site is optimized with the Yoast SEO plugin v27.4 - https:\/\/yoast.com\/product\/yoast-seo-wordpress\/ -->\n<title>Formation GIRL BOSS d\u00e9di\u00e9e aux (futures) entrepreneuses.<\/title>\n<meta name=\"description\" content=\"Inscrivez-vous \u00e0 la formation GIRL BOSS, d\u00e9di\u00e9e aux futures entrepreneuses. Une formation compl\u00e8te pour devenir une dirigeante \u00e0 succ\u00e8s.\" \/>\n<meta name=\"robots\" content=\"index, follow, max-snippet:-1, max-image-preview:large, max-video-preview:-1\" \/>\n<link rel=\"canonical\" href=\"https:\/\/www.girl-boss.com\/index.php\/produit\/formation-girl-boss-entrepreneuse\/\" \/>\n<meta property=\"og:locale\" content=\"fr_FR\" \/>\n<meta property=\"og:type\" content=\"article\" \/>\n<meta property=\"og:title\" content=\"Formation GIRL BOSS d\u00e9di\u00e9e aux (futures) entrepreneuses.\" \/>\n<meta property=\"og:description\" content=\"Inscrivez-vous \u00e0 la formation GIRL BOSS, d\u00e9di\u00e9e aux futures entrepreneuses. Une formation compl\u00e8te pour devenir une dirigeante \u00e0 succ\u00e8s.\" \/>\n<meta property=\"og:url\" content=\"https:\/\/www.girl-boss.com\/index.php\/produit\/formation-girl-boss-entrepreneuse\/\" \/>\n<meta property=\"og:site_name\" content=\"GIRL BOSS - Formation Entrepreneuriat F\u00e9minin\" \/>\n<meta property=\"article:modified_time\" content=\"2024-11-04T13:06:55+00:00\" \/>\n<meta property=\"og:image\" content=\"https:\/\/www.girl-boss.com\/wp-content\/uploads\/2022\/10\/formation-girl-boss-entrepreneuriat-feminin1-1024x1024.png\" \/>\n\t<meta property=\"og:image:width\" content=\"1024\" \/>\n\t<meta property=\"og:image:height\" content=\"1024\" \/>\n\t<meta property=\"og:image:type\" content=\"image\/png\" \/>\n<meta name=\"twitter:card\" content=\"summary_large_image\" \/>\n<meta name=\"twitter:label1\" content=\"Dur\u00e9e de lecture estim\u00e9e\" \/>\n\t<meta name=\"twitter:data1\" content=\"1 minute\" \/>\n<script type=\"application\/ld+json\" class=\"yoast-schema-graph\">{\"@context\":\"https:\\\/\\\/schema.org\",\"@graph\":[{\"@type\":\"WebPage\",\"@id\":\"https:\\\/\\\/www.girl-boss.com\\\/index.php\\\/produit\\\/formation-girl-boss-entrepreneuse\\\/\",\"url\":\"https:\\\/\\\/www.girl-boss.com\\\/index.php\\\/produit\\\/formation-girl-boss-entrepreneuse\\\/\",\"name\":\"Formation GIRL BOSS d\u00e9di\u00e9e aux (futures) entrepreneuses.\",\"isPartOf\":{\"@id\":\"https:\\\/\\\/www.girl-boss.com\\\/#website\"},\"primaryImageOfPage\":{\"@id\":\"https:\\\/\\\/www.girl-boss.com\\\/index.php\\\/produit\\\/formation-girl-boss-entrepreneuse\\\/#primaryimage\"},\"image\":{\"@id\":\"https:\\\/\\\/www.girl-boss.com\\\/index.php\\\/produit\\\/formation-girl-boss-entrepreneuse\\\/#primaryimage\"},\"thumbnailUrl\":\"https:\\\/\\\/i0.wp.com\\\/www.girl-boss.com\\\/wp-content\\\/uploads\\\/2022\\\/10\\\/formation-girl-boss-entrepreneuriat-feminin1.png?fit=2380%2C2380&ssl=1\",\"datePublished\":\"2022-10-13T12:48:40+00:00\",\"dateModified\":\"2024-11-04T13:06:55+00:00\",\"description\":\"Inscrivez-vous \u00e0 la formation GIRL BOSS, d\u00e9di\u00e9e aux futures entrepreneuses. Une formation compl\u00e8te pour devenir une dirigeante \u00e0 succ\u00e8s.\",\"breadcrumb\":{\"@id\":\"https:\\\/\\\/www.girl-boss.com\\\/index.php\\\/produit\\\/formation-girl-boss-entrepreneuse\\\/#breadcrumb\"},\"inLanguage\":\"fr-FR\",\"potentialAction\":[{\"@type\":\"ReadAction\",\"target\":[\"https:\\\/\\\/www.girl-boss.com\\\/index.php\\\/produit\\\/formation-girl-boss-entrepreneuse\\\/\"]}]},{\"@type\":\"ImageObject\",\"inLanguage\":\"fr-FR\",\"@id\":\"https:\\\/\\\/www.girl-boss.com\\\/index.php\\\/produit\\\/formation-girl-boss-entrepreneuse\\\/#primaryimage\",\"url\":\"https:\\\/\\\/i0.wp.com\\\/www.girl-boss.com\\\/wp-content\\\/uploads\\\/2022\\\/10\\\/formation-girl-boss-entrepreneuriat-feminin1.png?fit=2380%2C2380&ssl=1\",\"contentUrl\":\"https:\\\/\\\/i0.wp.com\\\/www.girl-boss.com\\\/wp-content\\\/uploads\\\/2022\\\/10\\\/formation-girl-boss-entrepreneuriat-feminin1.png?fit=2380%2C2380&ssl=1\",\"width\":2380,\"height\":2380,\"caption\":\"formation e-learning, girl boss, entrepreneuriat f\u00e9minin, entrepreneuse\"},{\"@type\":\"BreadcrumbList\",\"@id\":\"https:\\\/\\\/www.girl-boss.com\\\/index.php\\\/produit\\\/formation-girl-boss-entrepreneuse\\\/#breadcrumb\",\"itemListElement\":[{\"@type\":\"ListItem\",\"position\":1,\"name\":\"Accueil\",\"item\":\"https:\\\/\\\/www.girl-boss.com\\\/\"},{\"@type\":\"ListItem\",\"position\":2,\"name\":\"Boutique\",\"item\":\"https:\\\/\\\/www.girl-boss.com\\\/index.php\\\/modules-elearning-formation-girlboss\\\/\"},{\"@type\":\"ListItem\",\"position\":3,\"name\":\"Formation Compl\u00e8te &#8211; Girl Boss\"}]},{\"@type\":\"WebSite\",\"@id\":\"https:\\\/\\\/www.girl-boss.com\\\/#website\",\"url\":\"https:\\\/\\\/www.girl-boss.com\\\/\",\"name\":\"GIRL BOSS - Formation Entrepreneuriat F\u00e9minin\",\"description\":\"Le programme qui accompagne les femmes qui souhaitent devenir entrepreneuses.\",\"publisher\":{\"@id\":\"https:\\\/\\\/www.girl-boss.com\\\/#organization\"},\"potentialAction\":[{\"@type\":\"SearchAction\",\"target\":{\"@type\":\"EntryPoint\",\"urlTemplate\":\"https:\\\/\\\/www.girl-boss.com\\\/?s={search_term_string}\"},\"query-input\":{\"@type\":\"PropertyValueSpecification\",\"valueRequired\":true,\"valueName\":\"search_term_string\"}}],\"inLanguage\":\"fr-FR\"},{\"@type\":\"Organization\",\"@id\":\"https:\\\/\\\/www.girl-boss.com\\\/#organization\",\"name\":\"GIRL BOSS - Formation Entrepreneuriat F\u00e9minin\",\"url\":\"https:\\\/\\\/www.girl-boss.com\\\/\",\"logo\":{\"@type\":\"ImageObject\",\"inLanguage\":\"fr-FR\",\"@id\":\"https:\\\/\\\/www.girl-boss.com\\\/#\\\/schema\\\/logo\\\/image\\\/\",\"url\":\"https:\\\/\\\/i0.wp.com\\\/www.girl-boss.com\\\/wp-content\\\/uploads\\\/2022\\\/08\\\/Logo-v2-noir.png?fit=5399%2C4618&ssl=1\",\"contentUrl\":\"https:\\\/\\\/i0.wp.com\\\/www.girl-boss.com\\\/wp-content\\\/uploads\\\/2022\\\/08\\\/Logo-v2-noir.png?fit=5399%2C4618&ssl=1\",\"width\":5399,\"height\":4618,\"caption\":\"GIRL BOSS - Formation Entrepreneuriat F\u00e9minin\"},\"image\":{\"@id\":\"https:\\\/\\\/www.girl-boss.com\\\/#\\\/schema\\\/logo\\\/image\\\/\"},\"sameAs\":[\"https:\\\/\\\/www.instagram.com\\\/cesareaagency\"]}]}<\/script>\n<!-- \/ Yoast SEO plugin. -->","yoast_head_json":{"title":"Formation GIRL BOSS d\u00e9di\u00e9e aux (futures) entrepreneuses.","description":"Inscrivez-vous \u00e0 la formation GIRL BOSS, d\u00e9di\u00e9e aux futures entrepreneuses. Une formation compl\u00e8te pour devenir une dirigeante \u00e0 succ\u00e8s.","robots":{"index":"index","follow":"follow","max-snippet":"max-snippet:-1","max-image-preview":"max-image-preview:large","max-video-preview":"max-video-preview:-1"},"canonical":"https:\/\/www.girl-boss.com\/index.php\/produit\/formation-girl-boss-entrepreneuse\/","og_locale":"fr_FR","og_type":"article","og_title":"Formation GIRL BOSS d\u00e9di\u00e9e aux (futures) entrepreneuses.","og_description":"Inscrivez-vous \u00e0 la formation GIRL BOSS, d\u00e9di\u00e9e aux futures entrepreneuses. Une formation compl\u00e8te pour devenir une dirigeante \u00e0 succ\u00e8s.","og_url":"https:\/\/www.girl-boss.com\/index.php\/produit\/formation-girl-boss-entrepreneuse\/","og_site_name":"GIRL BOSS - Formation Entrepreneuriat F\u00e9minin","article_modified_time":"2024-11-04T13:06:55+00:00","og_image":[{"width":1024,"height":1024,"url":"https:\/\/www.girl-boss.com\/wp-content\/uploads\/2022\/10\/formation-girl-boss-entrepreneuriat-feminin1-1024x1024.png","type":"image\/png"}],"twitter_card":"summary_large_image","twitter_misc":{"Dur\u00e9e de lecture estim\u00e9e":"1 minute"},"schema":{"@context":"https:\/\/schema.org","@graph":[{"@type":"WebPage","@id":"https:\/\/www.girl-boss.com\/index.php\/produit\/formation-girl-boss-entrepreneuse\/","url":"https:\/\/www.girl-boss.com\/index.php\/produit\/formation-girl-boss-entrepreneuse\/","name":"Formation GIRL BOSS d\u00e9di\u00e9e aux (futures) entrepreneuses.","isPartOf":{"@id":"https:\/\/www.girl-boss.com\/#website"},"primaryImageOfPage":{"@id":"https:\/\/www.girl-boss.com\/index.php\/produit\/formation-girl-boss-entrepreneuse\/#primaryimage"},"image":{"@id":"https:\/\/www.girl-boss.com\/index.php\/produit\/formation-girl-boss-entrepreneuse\/#primaryimage"},"thumbnailUrl":"https:\/\/i0.wp.com\/www.girl-boss.com\/wp-content\/uploads\/2022\/10\/formation-girl-boss-entrepreneuriat-feminin1.png?fit=2380%2C2380&ssl=1","datePublished":"2022-10-13T12:48:40+00:00","dateModified":"2024-11-04T13:06:55+00:00","description":"Inscrivez-vous \u00e0 la formation GIRL BOSS, d\u00e9di\u00e9e aux futures entrepreneuses. Une formation compl\u00e8te pour devenir une dirigeante \u00e0 succ\u00e8s.","breadcrumb":{"@id":"https:\/\/www.girl-boss.com\/index.php\/produit\/formation-girl-boss-entrepreneuse\/#breadcrumb"},"inLanguage":"fr-FR","potentialAction":[{"@type":"ReadAction","target":["https:\/\/www.girl-boss.com\/index.php\/produit\/formation-girl-boss-entrepreneuse\/"]}]},{"@type":"ImageObject","inLanguage":"fr-FR","@id":"https:\/\/www.girl-boss.com\/index.php\/produit\/formation-girl-boss-entrepreneuse\/#primaryimage","url":"https:\/\/i0.wp.com\/www.girl-boss.com\/wp-content\/uploads\/2022\/10\/formation-girl-boss-entrepreneuriat-feminin1.png?fit=2380%2C2380&ssl=1","contentUrl":"https:\/\/i0.wp.com\/www.girl-boss.com\/wp-content\/uploads\/2022\/10\/formation-girl-boss-entrepreneuriat-feminin1.png?fit=2380%2C2380&ssl=1","width":2380,"height":2380,"caption":"formation e-learning, girl boss, entrepreneuriat f\u00e9minin, entrepreneuse"},{"@type":"BreadcrumbList","@id":"https:\/\/www.girl-boss.com\/index.php\/produit\/formation-girl-boss-entrepreneuse\/#breadcrumb","itemListElement":[{"@type":"ListItem","position":1,"name":"Accueil","item":"https:\/\/www.girl-boss.com\/"},{"@type":"ListItem","position":2,"name":"Boutique","item":"https:\/\/www.girl-boss.com\/index.php\/modules-elearning-formation-girlboss\/"},{"@type":"ListItem","position":3,"name":"Formation Compl\u00e8te &#8211; Girl Boss"}]},{"@type":"WebSite","@id":"https:\/\/www.girl-boss.com\/#website","url":"https:\/\/www.girl-boss.com\/","name":"GIRL BOSS - Formation Entrepreneuriat F\u00e9minin","description":"Le programme qui accompagne les femmes qui souhaitent devenir entrepreneuses.","publisher":{"@id":"https:\/\/www.girl-boss.com\/#organization"},"potentialAction":[{"@type":"SearchAction","target":{"@type":"EntryPoint","urlTemplate":"https:\/\/www.girl-boss.com\/?s={search_term_string}"},"query-input":{"@type":"PropertyValueSpecification","valueRequired":true,"valueName":"search_term_string"}}],"inLanguage":"fr-FR"},{"@type":"Organization","@id":"https:\/\/www.girl-boss.com\/#organization","name":"GIRL BOSS - Formation Entrepreneuriat F\u00e9minin","url":"https:\/\/www.girl-boss.com\/","logo":{"@type":"ImageObject","inLanguage":"fr-FR","@id":"https:\/\/www.girl-boss.com\/#\/schema\/logo\/image\/","url":"https:\/\/i0.wp.com\/www.girl-boss.com\/wp-content\/uploads\/2022\/08\/Logo-v2-noir.png?fit=5399%2C4618&ssl=1","contentUrl":"https:\/\/i0.wp.com\/www.girl-boss.com\/wp-content\/uploads\/2022\/08\/Logo-v2-noir.png?fit=5399%2C4618&ssl=1","width":5399,"height":4618,"caption":"GIRL BOSS - Formation Entrepreneuriat F\u00e9minin"},"image":{"@id":"https:\/\/www.girl-boss.com\/#\/schema\/logo\/image\/"},"sameAs":["https:\/\/www.instagram.com\/cesareaagency"]}]}},"jetpack_sharing_enabled":true,"_links":{"self":[{"href":"https:\/\/www.girl-boss.com\/index.php\/wp-json\/wp\/v2\/product\/996","targetHints":{"allow":["GET"]}}],"collection":[{"href":"https:\/\/www.girl-boss.com\/index.php\/wp-json\/wp\/v2\/product"}],"about":[{"href":"https:\/\/www.girl-boss.com\/index.php\/wp-json\/wp\/v2\/types\/product"}],"wp:featuredmedia":[{"embeddable":true,"href":"https:\/\/www.girl-boss.com\/index.php\/wp-json\/wp\/v2\/media\/998"}],"wp:attachment":[{"href":"https:\/\/www.girl-boss.com\/index.php\/wp-json\/wp\/v2\/media?parent=996"}],"wp:term":[{"taxonomy":"product_brand","embeddable":true,"href":"https:\/\/www.girl-boss.com\/index.php\/wp-json\/wp\/v2\/product_brand?post=996"},{"taxonomy":"product_cat","embeddable":true,"href":"https:\/\/www.girl-boss.com\/index.php\/wp-json\/wp\/v2\/product_cat?post=996"},{"taxonomy":"product_tag","embeddable":true,"href":"https:\/\/www.girl-boss.com\/index.php\/wp-json\/wp\/v2\/product_tag?post=996"}],"curies":[{"name":"wp","href":"https:\/\/api.w.org\/{rel}","templated":true}]}}