{"id":993,"date":"2022-10-13T10:46:17","date_gmt":"2022-10-13T08:46:17","guid":{"rendered":"https:\/\/www.girl-boss.com\/?post_type=product&#038;p=993"},"modified":"2023-07-04T12:56:45","modified_gmt":"2023-07-04T10:56:45","slug":"formation-elearning-savoir-vendre-mes-produits-services","status":"publish","type":"product","link":"https:\/\/www.girl-boss.com\/index.php\/produit\/formation-elearning-savoir-vendre-mes-produits-services\/","title":{"rendered":"Ma\u00eetriser la Conversion : Vendre ses Produits et ses Services"},"content":{"rendered":"","protected":false},"excerpt":{"rendered":"<p>2 heures de vid\u00e9os e-learning pour vous former \u00e0 la vente de vos produits et services avec une m\u00e9thode infaillible.<\/p>\n<p><strong>MA\u00ceTRISER LA CONVERSION : VENDRE SES PRODUITS ET SES SERVICES<\/strong><\/p>\n<p>Introduction \u00e0 la vente<\/p>\n<p>La m\u00e9thode pour syst\u00e9matiser votre process et le transmettre<\/p>\n<p>Les types de prospects<\/p>\n<p>Impliquer votre prospect<\/p>\n<p>Hypnose conversationnelle<\/p>\n<p>Pacing &amp; Leading<\/p>\n<p>Accompagnant et aidant plut\u00f4t que commercial<\/p>\n<p>Ma\u00eetriser les objections au prix<\/p>\n<p>Ma\u00eetriser les objections g\u00e9n\u00e9rales<\/p>\n<p>Proposition d&rsquo;un script de vente r\u00e9alis\u00e9 par nos soins<\/p>\n<p>Customer care : les occasions et mani\u00e8res de fid\u00e9liser sa client\u00e8le<\/p>\n<p>Comment rendre son pitch de vente percutant ?<\/p>\n<p>&nbsp;<\/p>\n","protected":false},"featured_media":995,"template":"","meta":{"_monsterinsights_skip_tracking":false,"_monsterinsights_sitenote_active":false,"_monsterinsights_sitenote_note":"","_monsterinsights_sitenote_category":0},"product_brand":[],"product_cat":[27],"product_tag":[],"class_list":{"0":"post-993","1":"product","2":"type-product","3":"status-publish","4":"has-post-thumbnail","6":"product_cat-non-classe","8":"first","9":"instock","10":"virtual","11":"purchasable","12":"product-type-simple"},"yoast_head":"<!-- This site is optimized with the Yoast SEO plugin v27.4 - https:\/\/yoast.com\/product\/yoast-seo-wordpress\/ -->\n<title>Formation e-learning : Vendre ses Produits et Services.<\/title>\n<meta name=\"description\" content=\"Cette formation permet d\u2019am\u00e9liorer les r\u00e9sultats commerciaux de votre entreprise et d\u00e9velopper vos relations commerciales en gagnant en efficacit\u00e9.\" \/>\n<meta name=\"robots\" content=\"index, follow, max-snippet:-1, max-image-preview:large, max-video-preview:-1\" \/>\n<link rel=\"canonical\" href=\"https:\/\/www.girl-boss.com\/index.php\/produit\/formation-elearning-savoir-vendre-mes-produits-services\/\" \/>\n<meta property=\"og:locale\" content=\"fr_FR\" \/>\n<meta property=\"og:type\" content=\"article\" \/>\n<meta property=\"og:title\" content=\"Formation e-learning : Vendre ses Produits et Services.\" \/>\n<meta property=\"og:description\" content=\"Cette formation permet d\u2019am\u00e9liorer les r\u00e9sultats commerciaux de votre entreprise et d\u00e9velopper vos relations commerciales en gagnant en efficacit\u00e9.\" \/>\n<meta property=\"og:url\" content=\"https:\/\/www.girl-boss.com\/index.php\/produit\/formation-elearning-savoir-vendre-mes-produits-services\/\" \/>\n<meta property=\"og:site_name\" content=\"GIRL BOSS - Formation Entrepreneuriat F\u00e9minin\" \/>\n<meta property=\"article:modified_time\" content=\"2023-07-04T10:56:45+00:00\" \/>\n<meta property=\"og:image\" content=\"https:\/\/www.girl-boss.com\/wp-content\/uploads\/2022\/10\/formation-girl-boss-entrepreneuriat-feminin6-1024x1024.png\" \/>\n\t<meta property=\"og:image:width\" content=\"1024\" \/>\n\t<meta property=\"og:image:height\" content=\"1024\" \/>\n\t<meta property=\"og:image:type\" content=\"image\/png\" \/>\n<meta name=\"twitter:card\" content=\"summary_large_image\" \/>\n<script type=\"application\/ld+json\" class=\"yoast-schema-graph\">{\"@context\":\"https:\\\/\\\/schema.org\",\"@graph\":[{\"@type\":\"WebPage\",\"@id\":\"https:\\\/\\\/www.girl-boss.com\\\/index.php\\\/produit\\\/formation-elearning-savoir-vendre-mes-produits-services\\\/\",\"url\":\"https:\\\/\\\/www.girl-boss.com\\\/index.php\\\/produit\\\/formation-elearning-savoir-vendre-mes-produits-services\\\/\",\"name\":\"Formation e-learning : Vendre ses Produits et Services.\",\"isPartOf\":{\"@id\":\"https:\\\/\\\/www.girl-boss.com\\\/#website\"},\"primaryImageOfPage\":{\"@id\":\"https:\\\/\\\/www.girl-boss.com\\\/index.php\\\/produit\\\/formation-elearning-savoir-vendre-mes-produits-services\\\/#primaryimage\"},\"image\":{\"@id\":\"https:\\\/\\\/www.girl-boss.com\\\/index.php\\\/produit\\\/formation-elearning-savoir-vendre-mes-produits-services\\\/#primaryimage\"},\"thumbnailUrl\":\"https:\\\/\\\/i0.wp.com\\\/www.girl-boss.com\\\/wp-content\\\/uploads\\\/2022\\\/10\\\/formation-girl-boss-entrepreneuriat-feminin6.png?fit=2380%2C2380&ssl=1\",\"datePublished\":\"2022-10-13T08:46:17+00:00\",\"dateModified\":\"2023-07-04T10:56:45+00:00\",\"description\":\"Cette formation permet d\u2019am\u00e9liorer les r\u00e9sultats commerciaux de votre entreprise et d\u00e9velopper vos relations commerciales en gagnant en efficacit\u00e9.\",\"breadcrumb\":{\"@id\":\"https:\\\/\\\/www.girl-boss.com\\\/index.php\\\/produit\\\/formation-elearning-savoir-vendre-mes-produits-services\\\/#breadcrumb\"},\"inLanguage\":\"fr-FR\",\"potentialAction\":[{\"@type\":\"ReadAction\",\"target\":[\"https:\\\/\\\/www.girl-boss.com\\\/index.php\\\/produit\\\/formation-elearning-savoir-vendre-mes-produits-services\\\/\"]}]},{\"@type\":\"ImageObject\",\"inLanguage\":\"fr-FR\",\"@id\":\"https:\\\/\\\/www.girl-boss.com\\\/index.php\\\/produit\\\/formation-elearning-savoir-vendre-mes-produits-services\\\/#primaryimage\",\"url\":\"https:\\\/\\\/i0.wp.com\\\/www.girl-boss.com\\\/wp-content\\\/uploads\\\/2022\\\/10\\\/formation-girl-boss-entrepreneuriat-feminin6.png?fit=2380%2C2380&ssl=1\",\"contentUrl\":\"https:\\\/\\\/i0.wp.com\\\/www.girl-boss.com\\\/wp-content\\\/uploads\\\/2022\\\/10\\\/formation-girl-boss-entrepreneuriat-feminin6.png?fit=2380%2C2380&ssl=1\",\"width\":2380,\"height\":2380,\"caption\":\"formation elearning, formation vendre mes produits et mes services, formation commerciale, closing, entrepreneuriat f\u00e9minin\"},{\"@type\":\"BreadcrumbList\",\"@id\":\"https:\\\/\\\/www.girl-boss.com\\\/index.php\\\/produit\\\/formation-elearning-savoir-vendre-mes-produits-services\\\/#breadcrumb\",\"itemListElement\":[{\"@type\":\"ListItem\",\"position\":1,\"name\":\"Accueil\",\"item\":\"https:\\\/\\\/www.girl-boss.com\\\/\"},{\"@type\":\"ListItem\",\"position\":2,\"name\":\"Boutique\",\"item\":\"https:\\\/\\\/www.girl-boss.com\\\/index.php\\\/modules-elearning-formation-girlboss\\\/\"},{\"@type\":\"ListItem\",\"position\":3,\"name\":\"Ma\u00eetriser la Conversion : Vendre ses Produits et ses Services\"}]},{\"@type\":\"WebSite\",\"@id\":\"https:\\\/\\\/www.girl-boss.com\\\/#website\",\"url\":\"https:\\\/\\\/www.girl-boss.com\\\/\",\"name\":\"GIRL BOSS - Formation Entrepreneuriat F\u00e9minin\",\"description\":\"Le programme qui accompagne les femmes qui souhaitent devenir entrepreneuses.\",\"publisher\":{\"@id\":\"https:\\\/\\\/www.girl-boss.com\\\/#organization\"},\"potentialAction\":[{\"@type\":\"SearchAction\",\"target\":{\"@type\":\"EntryPoint\",\"urlTemplate\":\"https:\\\/\\\/www.girl-boss.com\\\/?s={search_term_string}\"},\"query-input\":{\"@type\":\"PropertyValueSpecification\",\"valueRequired\":true,\"valueName\":\"search_term_string\"}}],\"inLanguage\":\"fr-FR\"},{\"@type\":\"Organization\",\"@id\":\"https:\\\/\\\/www.girl-boss.com\\\/#organization\",\"name\":\"GIRL BOSS - Formation Entrepreneuriat F\u00e9minin\",\"url\":\"https:\\\/\\\/www.girl-boss.com\\\/\",\"logo\":{\"@type\":\"ImageObject\",\"inLanguage\":\"fr-FR\",\"@id\":\"https:\\\/\\\/www.girl-boss.com\\\/#\\\/schema\\\/logo\\\/image\\\/\",\"url\":\"https:\\\/\\\/i0.wp.com\\\/www.girl-boss.com\\\/wp-content\\\/uploads\\\/2022\\\/08\\\/Logo-v2-noir.png?fit=5399%2C4618&ssl=1\",\"contentUrl\":\"https:\\\/\\\/i0.wp.com\\\/www.girl-boss.com\\\/wp-content\\\/uploads\\\/2022\\\/08\\\/Logo-v2-noir.png?fit=5399%2C4618&ssl=1\",\"width\":5399,\"height\":4618,\"caption\":\"GIRL BOSS - Formation Entrepreneuriat F\u00e9minin\"},\"image\":{\"@id\":\"https:\\\/\\\/www.girl-boss.com\\\/#\\\/schema\\\/logo\\\/image\\\/\"},\"sameAs\":[\"https:\\\/\\\/www.instagram.com\\\/cesareaagency\"]}]}<\/script>\n<!-- \/ Yoast SEO plugin. -->","yoast_head_json":{"title":"Formation e-learning : Vendre ses Produits et Services.","description":"Cette formation permet d\u2019am\u00e9liorer les r\u00e9sultats commerciaux de votre entreprise et d\u00e9velopper vos relations commerciales en gagnant en efficacit\u00e9.","robots":{"index":"index","follow":"follow","max-snippet":"max-snippet:-1","max-image-preview":"max-image-preview:large","max-video-preview":"max-video-preview:-1"},"canonical":"https:\/\/www.girl-boss.com\/index.php\/produit\/formation-elearning-savoir-vendre-mes-produits-services\/","og_locale":"fr_FR","og_type":"article","og_title":"Formation e-learning : Vendre ses Produits et Services.","og_description":"Cette formation permet d\u2019am\u00e9liorer les r\u00e9sultats commerciaux de votre entreprise et d\u00e9velopper vos relations commerciales en gagnant en efficacit\u00e9.","og_url":"https:\/\/www.girl-boss.com\/index.php\/produit\/formation-elearning-savoir-vendre-mes-produits-services\/","og_site_name":"GIRL BOSS - Formation Entrepreneuriat F\u00e9minin","article_modified_time":"2023-07-04T10:56:45+00:00","og_image":[{"width":1024,"height":1024,"url":"https:\/\/www.girl-boss.com\/wp-content\/uploads\/2022\/10\/formation-girl-boss-entrepreneuriat-feminin6-1024x1024.png","type":"image\/png"}],"twitter_card":"summary_large_image","schema":{"@context":"https:\/\/schema.org","@graph":[{"@type":"WebPage","@id":"https:\/\/www.girl-boss.com\/index.php\/produit\/formation-elearning-savoir-vendre-mes-produits-services\/","url":"https:\/\/www.girl-boss.com\/index.php\/produit\/formation-elearning-savoir-vendre-mes-produits-services\/","name":"Formation e-learning : Vendre ses Produits et Services.","isPartOf":{"@id":"https:\/\/www.girl-boss.com\/#website"},"primaryImageOfPage":{"@id":"https:\/\/www.girl-boss.com\/index.php\/produit\/formation-elearning-savoir-vendre-mes-produits-services\/#primaryimage"},"image":{"@id":"https:\/\/www.girl-boss.com\/index.php\/produit\/formation-elearning-savoir-vendre-mes-produits-services\/#primaryimage"},"thumbnailUrl":"https:\/\/i0.wp.com\/www.girl-boss.com\/wp-content\/uploads\/2022\/10\/formation-girl-boss-entrepreneuriat-feminin6.png?fit=2380%2C2380&ssl=1","datePublished":"2022-10-13T08:46:17+00:00","dateModified":"2023-07-04T10:56:45+00:00","description":"Cette formation permet d\u2019am\u00e9liorer les r\u00e9sultats commerciaux de votre entreprise et d\u00e9velopper vos relations commerciales en gagnant en efficacit\u00e9.","breadcrumb":{"@id":"https:\/\/www.girl-boss.com\/index.php\/produit\/formation-elearning-savoir-vendre-mes-produits-services\/#breadcrumb"},"inLanguage":"fr-FR","potentialAction":[{"@type":"ReadAction","target":["https:\/\/www.girl-boss.com\/index.php\/produit\/formation-elearning-savoir-vendre-mes-produits-services\/"]}]},{"@type":"ImageObject","inLanguage":"fr-FR","@id":"https:\/\/www.girl-boss.com\/index.php\/produit\/formation-elearning-savoir-vendre-mes-produits-services\/#primaryimage","url":"https:\/\/i0.wp.com\/www.girl-boss.com\/wp-content\/uploads\/2022\/10\/formation-girl-boss-entrepreneuriat-feminin6.png?fit=2380%2C2380&ssl=1","contentUrl":"https:\/\/i0.wp.com\/www.girl-boss.com\/wp-content\/uploads\/2022\/10\/formation-girl-boss-entrepreneuriat-feminin6.png?fit=2380%2C2380&ssl=1","width":2380,"height":2380,"caption":"formation elearning, formation vendre mes produits et mes services, formation commerciale, closing, entrepreneuriat f\u00e9minin"},{"@type":"BreadcrumbList","@id":"https:\/\/www.girl-boss.com\/index.php\/produit\/formation-elearning-savoir-vendre-mes-produits-services\/#breadcrumb","itemListElement":[{"@type":"ListItem","position":1,"name":"Accueil","item":"https:\/\/www.girl-boss.com\/"},{"@type":"ListItem","position":2,"name":"Boutique","item":"https:\/\/www.girl-boss.com\/index.php\/modules-elearning-formation-girlboss\/"},{"@type":"ListItem","position":3,"name":"Ma\u00eetriser la Conversion : Vendre ses Produits et ses Services"}]},{"@type":"WebSite","@id":"https:\/\/www.girl-boss.com\/#website","url":"https:\/\/www.girl-boss.com\/","name":"GIRL BOSS - Formation Entrepreneuriat F\u00e9minin","description":"Le programme qui accompagne les femmes qui souhaitent devenir entrepreneuses.","publisher":{"@id":"https:\/\/www.girl-boss.com\/#organization"},"potentialAction":[{"@type":"SearchAction","target":{"@type":"EntryPoint","urlTemplate":"https:\/\/www.girl-boss.com\/?s={search_term_string}"},"query-input":{"@type":"PropertyValueSpecification","valueRequired":true,"valueName":"search_term_string"}}],"inLanguage":"fr-FR"},{"@type":"Organization","@id":"https:\/\/www.girl-boss.com\/#organization","name":"GIRL BOSS - Formation Entrepreneuriat F\u00e9minin","url":"https:\/\/www.girl-boss.com\/","logo":{"@type":"ImageObject","inLanguage":"fr-FR","@id":"https:\/\/www.girl-boss.com\/#\/schema\/logo\/image\/","url":"https:\/\/i0.wp.com\/www.girl-boss.com\/wp-content\/uploads\/2022\/08\/Logo-v2-noir.png?fit=5399%2C4618&ssl=1","contentUrl":"https:\/\/i0.wp.com\/www.girl-boss.com\/wp-content\/uploads\/2022\/08\/Logo-v2-noir.png?fit=5399%2C4618&ssl=1","width":5399,"height":4618,"caption":"GIRL BOSS - Formation Entrepreneuriat F\u00e9minin"},"image":{"@id":"https:\/\/www.girl-boss.com\/#\/schema\/logo\/image\/"},"sameAs":["https:\/\/www.instagram.com\/cesareaagency"]}]}},"jetpack_sharing_enabled":true,"_links":{"self":[{"href":"https:\/\/www.girl-boss.com\/index.php\/wp-json\/wp\/v2\/product\/993","targetHints":{"allow":["GET"]}}],"collection":[{"href":"https:\/\/www.girl-boss.com\/index.php\/wp-json\/wp\/v2\/product"}],"about":[{"href":"https:\/\/www.girl-boss.com\/index.php\/wp-json\/wp\/v2\/types\/product"}],"wp:featuredmedia":[{"embeddable":true,"href":"https:\/\/www.girl-boss.com\/index.php\/wp-json\/wp\/v2\/media\/995"}],"wp:attachment":[{"href":"https:\/\/www.girl-boss.com\/index.php\/wp-json\/wp\/v2\/media?parent=993"}],"wp:term":[{"taxonomy":"product_brand","embeddable":true,"href":"https:\/\/www.girl-boss.com\/index.php\/wp-json\/wp\/v2\/product_brand?post=993"},{"taxonomy":"product_cat","embeddable":true,"href":"https:\/\/www.girl-boss.com\/index.php\/wp-json\/wp\/v2\/product_cat?post=993"},{"taxonomy":"product_tag","embeddable":true,"href":"https:\/\/www.girl-boss.com\/index.php\/wp-json\/wp\/v2\/product_tag?post=993"}],"curies":[{"name":"wp","href":"https:\/\/api.w.org\/{rel}","templated":true}]}}