{"id":990,"date":"2022-10-13T10:25:49","date_gmt":"2022-10-13T08:25:49","guid":{"rendered":"https:\/\/www.girl-boss.com\/?post_type=product&#038;p=990"},"modified":"2022-10-28T15:27:31","modified_gmt":"2022-10-28T13:27:31","slug":"elearning-developper-leadership","status":"publish","type":"product","link":"https:\/\/www.girl-boss.com\/index.php\/produit\/elearning-developper-leadership\/","title":{"rendered":"Leadership : Apprendre \u00e0 F\u00e9d\u00e9rer Par la Parole."},"content":{"rendered":"","protected":false},"excerpt":{"rendered":"<p><b>Parce que prendre la parole, c&rsquo;est prendre le pouvoir &#8230; Gagnez en leadership lors de vos prises de paroles en public.<\/b><\/p>\n<ul class=\"ul1\">\n<li class=\"li2\">Ma\u00eetriser la prise de parole en public lors de la pr\u00e9sentation de son projet.<\/li>\n<li class=\"li2\">Ma\u00eetriser l\u2019art de convaincre et f\u00e9d\u00e9rer autour de son projet.<\/li>\n<li class=\"li2\">Construire sa vision et savoir la faire partager.<\/li>\n<li>Comprendre la dimension performative de la parole.<\/li>\n<li class=\"li2\">Apprendre \u00e0 cibler, argumenter son discours.<\/li>\n<li class=\"li2\">\u00c9tablir un contexte d&rsquo;\u00e9change propice et bienveillant.<\/li>\n<li class=\"li2\">Ma\u00eetriser les \u00e9tapes de l\u2019argumentation pour proposer un discours clair et intelligible.<\/li>\n<li class=\"li1\">Pr\u00e9sider une r\u00e9union.<\/li>\n<\/ul>\n","protected":false},"featured_media":992,"template":"","meta":{"_monsterinsights_skip_tracking":false,"_monsterinsights_sitenote_active":false,"_monsterinsights_sitenote_note":"","_monsterinsights_sitenote_category":0},"product_brand":[],"product_cat":[27],"product_tag":[],"class_list":{"0":"post-990","1":"product","2":"type-product","3":"status-publish","4":"has-post-thumbnail","6":"product_cat-non-classe","8":"first","9":"instock","10":"virtual","11":"purchasable","12":"product-type-simple"},"yoast_head":"<!-- This site is optimized with the Yoast SEO plugin v27.4 - https:\/\/yoast.com\/product\/yoast-seo-wordpress\/ -->\n<title>E-learning : D\u00e9veloppez Vos Capacit\u00e9s de Leader.<\/title>\n<meta name=\"description\" content=\"Module Leadership : apprenez \u00e0 f\u00e9d\u00e9rer, convaincre et persuader votre auditoire avec la posture adapt\u00e9e. Savoir utiliser la prise de parole comme levier.\" \/>\n<meta name=\"robots\" content=\"index, follow, max-snippet:-1, max-image-preview:large, max-video-preview:-1\" \/>\n<link rel=\"canonical\" href=\"https:\/\/www.girl-boss.com\/index.php\/produit\/elearning-developper-leadership\/\" \/>\n<meta property=\"og:locale\" content=\"fr_FR\" \/>\n<meta property=\"og:type\" content=\"article\" \/>\n<meta property=\"og:title\" content=\"E-learning : D\u00e9veloppez Vos Capacit\u00e9s de Leader.\" \/>\n<meta property=\"og:description\" content=\"Module Leadership : apprenez \u00e0 f\u00e9d\u00e9rer, convaincre et persuader votre auditoire avec la posture adapt\u00e9e. Savoir utiliser la prise de parole comme levier.\" \/>\n<meta property=\"og:url\" content=\"https:\/\/www.girl-boss.com\/index.php\/produit\/elearning-developper-leadership\/\" \/>\n<meta property=\"og:site_name\" content=\"GIRL BOSS - Formation Entrepreneuriat F\u00e9minin\" \/>\n<meta property=\"article:modified_time\" content=\"2022-10-28T13:27:31+00:00\" \/>\n<meta property=\"og:image\" content=\"https:\/\/i0.wp.com\/www.girl-boss.com\/wp-content\/uploads\/2022\/10\/formation-girl-boss-entrepreneuriat-feminin8.png?fit=2380%2C2380&ssl=1\" \/>\n\t<meta property=\"og:image:width\" content=\"2380\" \/>\n\t<meta property=\"og:image:height\" content=\"2380\" \/>\n\t<meta property=\"og:image:type\" content=\"image\/png\" \/>\n<meta name=\"twitter:card\" content=\"summary_large_image\" \/>\n<script type=\"application\/ld+json\" class=\"yoast-schema-graph\">{\"@context\":\"https:\\\/\\\/schema.org\",\"@graph\":[{\"@type\":\"WebPage\",\"@id\":\"https:\\\/\\\/www.girl-boss.com\\\/index.php\\\/produit\\\/elearning-developper-leadership\\\/\",\"url\":\"https:\\\/\\\/www.girl-boss.com\\\/index.php\\\/produit\\\/elearning-developper-leadership\\\/\",\"name\":\"E-learning : D\u00e9veloppez Vos Capacit\u00e9s de Leader.\",\"isPartOf\":{\"@id\":\"https:\\\/\\\/www.girl-boss.com\\\/#website\"},\"primaryImageOfPage\":{\"@id\":\"https:\\\/\\\/www.girl-boss.com\\\/index.php\\\/produit\\\/elearning-developper-leadership\\\/#primaryimage\"},\"image\":{\"@id\":\"https:\\\/\\\/www.girl-boss.com\\\/index.php\\\/produit\\\/elearning-developper-leadership\\\/#primaryimage\"},\"thumbnailUrl\":\"https:\\\/\\\/i0.wp.com\\\/www.girl-boss.com\\\/wp-content\\\/uploads\\\/2022\\\/10\\\/formation-girl-boss-entrepreneuriat-feminin8.png?fit=2380%2C2380&ssl=1\",\"datePublished\":\"2022-10-13T08:25:49+00:00\",\"dateModified\":\"2022-10-28T13:27:31+00:00\",\"description\":\"Module Leadership : apprenez \u00e0 f\u00e9d\u00e9rer, convaincre et persuader votre auditoire avec la posture adapt\u00e9e. Savoir utiliser la prise de parole comme levier.\",\"breadcrumb\":{\"@id\":\"https:\\\/\\\/www.girl-boss.com\\\/index.php\\\/produit\\\/elearning-developper-leadership\\\/#breadcrumb\"},\"inLanguage\":\"fr-FR\",\"potentialAction\":[{\"@type\":\"ReadAction\",\"target\":[\"https:\\\/\\\/www.girl-boss.com\\\/index.php\\\/produit\\\/elearning-developper-leadership\\\/\"]}]},{\"@type\":\"ImageObject\",\"inLanguage\":\"fr-FR\",\"@id\":\"https:\\\/\\\/www.girl-boss.com\\\/index.php\\\/produit\\\/elearning-developper-leadership\\\/#primaryimage\",\"url\":\"https:\\\/\\\/i0.wp.com\\\/www.girl-boss.com\\\/wp-content\\\/uploads\\\/2022\\\/10\\\/formation-girl-boss-entrepreneuriat-feminin8.png?fit=2380%2C2380&ssl=1\",\"contentUrl\":\"https:\\\/\\\/i0.wp.com\\\/www.girl-boss.com\\\/wp-content\\\/uploads\\\/2022\\\/10\\\/formation-girl-boss-entrepreneuriat-feminin8.png?fit=2380%2C2380&ssl=1\",\"width\":2380,\"height\":2380,\"caption\":\"formation e-learning, statuts juridiques, girl boss, entrepreneuriat f\u00e9minin\"},{\"@type\":\"BreadcrumbList\",\"@id\":\"https:\\\/\\\/www.girl-boss.com\\\/index.php\\\/produit\\\/elearning-developper-leadership\\\/#breadcrumb\",\"itemListElement\":[{\"@type\":\"ListItem\",\"position\":1,\"name\":\"Accueil\",\"item\":\"https:\\\/\\\/www.girl-boss.com\\\/\"},{\"@type\":\"ListItem\",\"position\":2,\"name\":\"Boutique\",\"item\":\"https:\\\/\\\/www.girl-boss.com\\\/index.php\\\/modules-elearning-formation-girlboss\\\/\"},{\"@type\":\"ListItem\",\"position\":3,\"name\":\"Leadership : Apprendre \u00e0 F\u00e9d\u00e9rer Par la Parole.\"}]},{\"@type\":\"WebSite\",\"@id\":\"https:\\\/\\\/www.girl-boss.com\\\/#website\",\"url\":\"https:\\\/\\\/www.girl-boss.com\\\/\",\"name\":\"GIRL BOSS - Formation Entrepreneuriat F\u00e9minin\",\"description\":\"Le programme qui accompagne les femmes qui souhaitent devenir entrepreneuses.\",\"publisher\":{\"@id\":\"https:\\\/\\\/www.girl-boss.com\\\/#organization\"},\"potentialAction\":[{\"@type\":\"SearchAction\",\"target\":{\"@type\":\"EntryPoint\",\"urlTemplate\":\"https:\\\/\\\/www.girl-boss.com\\\/?s={search_term_string}\"},\"query-input\":{\"@type\":\"PropertyValueSpecification\",\"valueRequired\":true,\"valueName\":\"search_term_string\"}}],\"inLanguage\":\"fr-FR\"},{\"@type\":\"Organization\",\"@id\":\"https:\\\/\\\/www.girl-boss.com\\\/#organization\",\"name\":\"GIRL BOSS - Formation Entrepreneuriat F\u00e9minin\",\"url\":\"https:\\\/\\\/www.girl-boss.com\\\/\",\"logo\":{\"@type\":\"ImageObject\",\"inLanguage\":\"fr-FR\",\"@id\":\"https:\\\/\\\/www.girl-boss.com\\\/#\\\/schema\\\/logo\\\/image\\\/\",\"url\":\"https:\\\/\\\/i0.wp.com\\\/www.girl-boss.com\\\/wp-content\\\/uploads\\\/2022\\\/08\\\/Logo-v2-noir.png?fit=5399%2C4618&ssl=1\",\"contentUrl\":\"https:\\\/\\\/i0.wp.com\\\/www.girl-boss.com\\\/wp-content\\\/uploads\\\/2022\\\/08\\\/Logo-v2-noir.png?fit=5399%2C4618&ssl=1\",\"width\":5399,\"height\":4618,\"caption\":\"GIRL BOSS - Formation Entrepreneuriat F\u00e9minin\"},\"image\":{\"@id\":\"https:\\\/\\\/www.girl-boss.com\\\/#\\\/schema\\\/logo\\\/image\\\/\"},\"sameAs\":[\"https:\\\/\\\/www.instagram.com\\\/cesareaagency\"]}]}<\/script>\n<!-- \/ Yoast SEO plugin. -->","yoast_head_json":{"title":"E-learning : D\u00e9veloppez Vos Capacit\u00e9s de Leader.","description":"Module Leadership : apprenez \u00e0 f\u00e9d\u00e9rer, convaincre et persuader votre auditoire avec la posture adapt\u00e9e. Savoir utiliser la prise de parole comme levier.","robots":{"index":"index","follow":"follow","max-snippet":"max-snippet:-1","max-image-preview":"max-image-preview:large","max-video-preview":"max-video-preview:-1"},"canonical":"https:\/\/www.girl-boss.com\/index.php\/produit\/elearning-developper-leadership\/","og_locale":"fr_FR","og_type":"article","og_title":"E-learning : D\u00e9veloppez Vos Capacit\u00e9s de Leader.","og_description":"Module Leadership : apprenez \u00e0 f\u00e9d\u00e9rer, convaincre et persuader votre auditoire avec la posture adapt\u00e9e. Savoir utiliser la prise de parole comme levier.","og_url":"https:\/\/www.girl-boss.com\/index.php\/produit\/elearning-developper-leadership\/","og_site_name":"GIRL BOSS - Formation Entrepreneuriat F\u00e9minin","article_modified_time":"2022-10-28T13:27:31+00:00","og_image":[{"width":2380,"height":2380,"url":"https:\/\/i0.wp.com\/www.girl-boss.com\/wp-content\/uploads\/2022\/10\/formation-girl-boss-entrepreneuriat-feminin8.png?fit=2380%2C2380&ssl=1","type":"image\/png"}],"twitter_card":"summary_large_image","schema":{"@context":"https:\/\/schema.org","@graph":[{"@type":"WebPage","@id":"https:\/\/www.girl-boss.com\/index.php\/produit\/elearning-developper-leadership\/","url":"https:\/\/www.girl-boss.com\/index.php\/produit\/elearning-developper-leadership\/","name":"E-learning : D\u00e9veloppez Vos Capacit\u00e9s de Leader.","isPartOf":{"@id":"https:\/\/www.girl-boss.com\/#website"},"primaryImageOfPage":{"@id":"https:\/\/www.girl-boss.com\/index.php\/produit\/elearning-developper-leadership\/#primaryimage"},"image":{"@id":"https:\/\/www.girl-boss.com\/index.php\/produit\/elearning-developper-leadership\/#primaryimage"},"thumbnailUrl":"https:\/\/i0.wp.com\/www.girl-boss.com\/wp-content\/uploads\/2022\/10\/formation-girl-boss-entrepreneuriat-feminin8.png?fit=2380%2C2380&ssl=1","datePublished":"2022-10-13T08:25:49+00:00","dateModified":"2022-10-28T13:27:31+00:00","description":"Module Leadership : apprenez \u00e0 f\u00e9d\u00e9rer, convaincre et persuader votre auditoire avec la posture adapt\u00e9e. Savoir utiliser la prise de parole comme levier.","breadcrumb":{"@id":"https:\/\/www.girl-boss.com\/index.php\/produit\/elearning-developper-leadership\/#breadcrumb"},"inLanguage":"fr-FR","potentialAction":[{"@type":"ReadAction","target":["https:\/\/www.girl-boss.com\/index.php\/produit\/elearning-developper-leadership\/"]}]},{"@type":"ImageObject","inLanguage":"fr-FR","@id":"https:\/\/www.girl-boss.com\/index.php\/produit\/elearning-developper-leadership\/#primaryimage","url":"https:\/\/i0.wp.com\/www.girl-boss.com\/wp-content\/uploads\/2022\/10\/formation-girl-boss-entrepreneuriat-feminin8.png?fit=2380%2C2380&ssl=1","contentUrl":"https:\/\/i0.wp.com\/www.girl-boss.com\/wp-content\/uploads\/2022\/10\/formation-girl-boss-entrepreneuriat-feminin8.png?fit=2380%2C2380&ssl=1","width":2380,"height":2380,"caption":"formation e-learning, statuts juridiques, girl boss, entrepreneuriat f\u00e9minin"},{"@type":"BreadcrumbList","@id":"https:\/\/www.girl-boss.com\/index.php\/produit\/elearning-developper-leadership\/#breadcrumb","itemListElement":[{"@type":"ListItem","position":1,"name":"Accueil","item":"https:\/\/www.girl-boss.com\/"},{"@type":"ListItem","position":2,"name":"Boutique","item":"https:\/\/www.girl-boss.com\/index.php\/modules-elearning-formation-girlboss\/"},{"@type":"ListItem","position":3,"name":"Leadership : Apprendre \u00e0 F\u00e9d\u00e9rer Par la Parole."}]},{"@type":"WebSite","@id":"https:\/\/www.girl-boss.com\/#website","url":"https:\/\/www.girl-boss.com\/","name":"GIRL BOSS - Formation Entrepreneuriat F\u00e9minin","description":"Le programme qui accompagne les femmes qui souhaitent devenir entrepreneuses.","publisher":{"@id":"https:\/\/www.girl-boss.com\/#organization"},"potentialAction":[{"@type":"SearchAction","target":{"@type":"EntryPoint","urlTemplate":"https:\/\/www.girl-boss.com\/?s={search_term_string}"},"query-input":{"@type":"PropertyValueSpecification","valueRequired":true,"valueName":"search_term_string"}}],"inLanguage":"fr-FR"},{"@type":"Organization","@id":"https:\/\/www.girl-boss.com\/#organization","name":"GIRL BOSS - Formation Entrepreneuriat F\u00e9minin","url":"https:\/\/www.girl-boss.com\/","logo":{"@type":"ImageObject","inLanguage":"fr-FR","@id":"https:\/\/www.girl-boss.com\/#\/schema\/logo\/image\/","url":"https:\/\/i0.wp.com\/www.girl-boss.com\/wp-content\/uploads\/2022\/08\/Logo-v2-noir.png?fit=5399%2C4618&ssl=1","contentUrl":"https:\/\/i0.wp.com\/www.girl-boss.com\/wp-content\/uploads\/2022\/08\/Logo-v2-noir.png?fit=5399%2C4618&ssl=1","width":5399,"height":4618,"caption":"GIRL BOSS - Formation Entrepreneuriat F\u00e9minin"},"image":{"@id":"https:\/\/www.girl-boss.com\/#\/schema\/logo\/image\/"},"sameAs":["https:\/\/www.instagram.com\/cesareaagency"]}]}},"jetpack_sharing_enabled":true,"_links":{"self":[{"href":"https:\/\/www.girl-boss.com\/index.php\/wp-json\/wp\/v2\/product\/990","targetHints":{"allow":["GET"]}}],"collection":[{"href":"https:\/\/www.girl-boss.com\/index.php\/wp-json\/wp\/v2\/product"}],"about":[{"href":"https:\/\/www.girl-boss.com\/index.php\/wp-json\/wp\/v2\/types\/product"}],"wp:featuredmedia":[{"embeddable":true,"href":"https:\/\/www.girl-boss.com\/index.php\/wp-json\/wp\/v2\/media\/992"}],"wp:attachment":[{"href":"https:\/\/www.girl-boss.com\/index.php\/wp-json\/wp\/v2\/media?parent=990"}],"wp:term":[{"taxonomy":"product_brand","embeddable":true,"href":"https:\/\/www.girl-boss.com\/index.php\/wp-json\/wp\/v2\/product_brand?post=990"},{"taxonomy":"product_cat","embeddable":true,"href":"https:\/\/www.girl-boss.com\/index.php\/wp-json\/wp\/v2\/product_cat?post=990"},{"taxonomy":"product_tag","embeddable":true,"href":"https:\/\/www.girl-boss.com\/index.php\/wp-json\/wp\/v2\/product_tag?post=990"}],"curies":[{"name":"wp","href":"https:\/\/api.w.org\/{rel}","templated":true}]}}