{"id":987,"date":"2022-10-13T10:03:27","date_gmt":"2022-10-13T08:03:27","guid":{"rendered":"https:\/\/www.girl-boss.com\/?post_type=product&#038;p=987"},"modified":"2022-10-13T10:03:27","modified_gmt":"2022-10-13T08:03:27","slug":"choisir-comprendre-statut-juridique-ealearning","status":"publish","type":"product","link":"https:\/\/www.girl-boss.com\/index.php\/produit\/choisir-comprendre-statut-juridique-ealearning\/","title":{"rendered":"Choisir son Statut Juridique"},"content":{"rendered":"","protected":false},"excerpt":{"rendered":"<div class=\"elementor-element elementor-element-2359b969 elementor-widget elementor-widget-heading\" data-id=\"2359b969\" data-element_type=\"widget\" data-widget_type=\"heading.default\">\n<div class=\"elementor-widget-container\">\n<p class=\"elementor-heading-title elementor-size-default\">3 heures de vid\u00e9os pour comprendre et choisir son statut juridique.<\/p>\n<\/div>\n<\/div>\n<div class=\"elementor-element elementor-element-58aea4fe elementor-widget elementor-widget-heading\" data-id=\"58aea4fe\" data-element_type=\"widget\" data-widget_type=\"heading.default\">\n<div class=\"elementor-widget-container\">\n<p class=\"elementor-heading-title elementor-size-default\"><strong>LES DIFF\u00c9RENTS STATUTS JURIDIQUES<\/strong><\/p>\n<\/div>\n<\/div>\n<div class=\"elementor-element elementor-element-14c174de elementor-widget elementor-widget-text-editor\" data-id=\"14c174de\" data-element_type=\"widget\" data-widget_type=\"text-editor.default\">\n<div class=\"elementor-widget-container\">Les secteurs d\u2019activit\u00e9 S\u2019associer ou travailler seul<br \/>\nL\u2019entreprise individuelle : artisan commer\u00e7ant, micro-entrepreneur, profession lib\u00e9rale, EIRL<br \/>\nLes soci\u00e9t\u00e9s commerciales : EURL, SARL, SASU, SAS<br \/>\nLes crit\u00e8res de choix de la forme juridique<\/div>\n<\/div>\n<div class=\"elementor-element elementor-element-e08fa85 elementor-widget elementor-widget-heading\" data-id=\"e08fa85\" data-element_type=\"widget\" data-widget_type=\"heading.default\">\n<div class=\"elementor-widget-container\">\n<p class=\"elementor-heading-title elementor-size-default\"><strong>LE R\u00c9GIME SOCIAL, FISCAL, PATRIMONIAL\u00a0<\/strong><\/p>\n<\/div>\n<\/div>\n<div class=\"elementor-element elementor-element-4eaafef6 elementor-widget elementor-widget-text-editor\" data-id=\"4eaafef6\" data-element_type=\"widget\" data-widget_type=\"text-editor.default\">\n<div class=\"elementor-widget-container\">Le choix et les options fiscales (imp\u00f4t soci\u00e9t\u00e9s IS, imp\u00f4t sur le revenu IR\u2026)<br \/>\nLes diff\u00e9rents r\u00e9gimes de TVA (r\u00e9el normal, simplifi\u00e9, franchise en base)<br \/>\nLa protection du dirigeant (retraite, sant\u00e9, mutuelle, pr\u00e9voyance)<br \/>\nL\u2019assurance perte d\u2019emploi des dirigeants d\u2019entreprise (GSC et APPI)<\/div>\n<\/div>\n<div class=\"elementor-element elementor-element-a979b74 elementor-widget elementor-widget-heading\" data-id=\"a979b74\" data-element_type=\"widget\" data-widget_type=\"heading.default\">\n<div class=\"elementor-widget-container\">\n<p class=\"elementor-heading-title elementor-size-default\"><strong>LE STATUT DU DIRIGEANT<\/strong><\/p>\n<\/div>\n<\/div>\n<div class=\"elementor-element elementor-element-73db198e elementor-widget elementor-widget-text-editor\" data-id=\"73db198e\" data-element_type=\"widget\" data-widget_type=\"text-editor.default\">\n<div class=\"elementor-widget-container\">Les avantages et inconv\u00e9nients des diff\u00e9rents statuts du dirigeant (Travailleur Non Salari\u00e9 TNS, Assimil\u00e9 Salari\u00e9\u2026)<br \/>\nLa responsabilit\u00e9 civile et p\u00e9nale du dirigeant<br \/>\nLa protection du patrimoine du dirigeant<br \/>\nIdentifier les assurances possibles pour prot\u00e9ger son patrimoine<\/div>\n<\/div>\n<div class=\"elementor-element elementor-element-e814d65 elementor-widget elementor-widget-heading\" data-id=\"e814d65\" data-element_type=\"widget\" data-widget_type=\"heading.default\">\n<div class=\"elementor-widget-container\">\n<p class=\"elementor-heading-title elementor-size-default\"><strong>S&rsquo;IMMATRICULER, LES D\u00c9MARCHES<\/strong><\/p>\n<\/div>\n<\/div>\n<div class=\"elementor-element elementor-element-e6261a8 elementor-widget elementor-widget-text-editor\" data-id=\"e6261a8\" data-element_type=\"widget\" data-widget_type=\"text-editor.default\">\n<div class=\"elementor-widget-container\">Le processus d\u2019immatriculation<br \/>\nLa r\u00e9daction des statuts<br \/>\nLe d\u00e9p\u00f4t du capital<br \/>\nLa nomination du dirigeant<br \/>\nL\u2019annonce l\u00e9gale (JAL)<br \/>\nLes formulaires d\u2019enregistrement (P0, M0)<br \/>\nLes formalit\u00e9s vis-\u00e0-vis de P\u00f4le Emploi<br \/>\nLe formulaire d\u2019ACRE<\/div>\n<\/div>\n","protected":false},"featured_media":989,"template":"","meta":{"_monsterinsights_skip_tracking":false,"_monsterinsights_sitenote_active":false,"_monsterinsights_sitenote_note":"","_monsterinsights_sitenote_category":0},"product_brand":[],"product_cat":[27],"product_tag":[],"class_list":{"0":"post-987","1":"product","2":"type-product","3":"status-publish","4":"has-post-thumbnail","6":"product_cat-non-classe","8":"first","9":"instock","10":"virtual","11":"purchasable","12":"product-type-simple"},"yoast_head":"<!-- This site is optimized with the Yoast SEO plugin v27.4 - https:\/\/yoast.com\/product\/yoast-seo-wordpress\/ -->\n<title>Comprendre et choisir son statut juridique - elearning<\/title>\n<meta name=\"description\" content=\"Choisir une structure juridique est indispensable. D\u00e9couvez notre formation : comprendre et choisir son statut juridique en e-learning.\" \/>\n<meta name=\"robots\" content=\"index, follow, max-snippet:-1, max-image-preview:large, max-video-preview:-1\" \/>\n<link rel=\"canonical\" href=\"https:\/\/www.girl-boss.com\/index.php\/produit\/choisir-comprendre-statut-juridique-ealearning\/\" \/>\n<meta property=\"og:locale\" content=\"fr_FR\" \/>\n<meta property=\"og:type\" content=\"article\" \/>\n<meta property=\"og:title\" content=\"Comprendre et choisir son statut juridique - elearning\" \/>\n<meta property=\"og:description\" content=\"Choisir une structure juridique est indispensable. D\u00e9couvez notre formation : comprendre et choisir son statut juridique en e-learning.\" \/>\n<meta property=\"og:url\" content=\"https:\/\/www.girl-boss.com\/index.php\/produit\/choisir-comprendre-statut-juridique-ealearning\/\" \/>\n<meta property=\"og:site_name\" content=\"GIRL BOSS - Formation Entrepreneuriat F\u00e9minin\" \/>\n<meta property=\"og:image\" content=\"https:\/\/www.girl-boss.com\/wp-content\/uploads\/2022\/10\/formation-girl-boss-entrepreneuriat-feminin3-1024x1024.png\" \/>\n\t<meta property=\"og:image:width\" content=\"1024\" \/>\n\t<meta property=\"og:image:height\" content=\"1024\" \/>\n\t<meta property=\"og:image:type\" content=\"image\/png\" \/>\n<meta name=\"twitter:card\" content=\"summary_large_image\" \/>\n<script type=\"application\/ld+json\" class=\"yoast-schema-graph\">{\"@context\":\"https:\\\/\\\/schema.org\",\"@graph\":[{\"@type\":\"WebPage\",\"@id\":\"https:\\\/\\\/www.girl-boss.com\\\/index.php\\\/produit\\\/choisir-comprendre-statut-juridique-ealearning\\\/\",\"url\":\"https:\\\/\\\/www.girl-boss.com\\\/index.php\\\/produit\\\/choisir-comprendre-statut-juridique-ealearning\\\/\",\"name\":\"Comprendre et choisir son statut juridique - elearning\",\"isPartOf\":{\"@id\":\"https:\\\/\\\/www.girl-boss.com\\\/#website\"},\"primaryImageOfPage\":{\"@id\":\"https:\\\/\\\/www.girl-boss.com\\\/index.php\\\/produit\\\/choisir-comprendre-statut-juridique-ealearning\\\/#primaryimage\"},\"image\":{\"@id\":\"https:\\\/\\\/www.girl-boss.com\\\/index.php\\\/produit\\\/choisir-comprendre-statut-juridique-ealearning\\\/#primaryimage\"},\"thumbnailUrl\":\"https:\\\/\\\/i0.wp.com\\\/www.girl-boss.com\\\/wp-content\\\/uploads\\\/2022\\\/10\\\/formation-girl-boss-entrepreneuriat-feminin3.png?fit=2380%2C2380&ssl=1\",\"datePublished\":\"2022-10-13T08:03:27+00:00\",\"description\":\"Choisir une structure juridique est indispensable. D\u00e9couvez notre formation : comprendre et choisir son statut juridique en e-learning.\",\"breadcrumb\":{\"@id\":\"https:\\\/\\\/www.girl-boss.com\\\/index.php\\\/produit\\\/choisir-comprendre-statut-juridique-ealearning\\\/#breadcrumb\"},\"inLanguage\":\"fr-FR\",\"potentialAction\":[{\"@type\":\"ReadAction\",\"target\":[\"https:\\\/\\\/www.girl-boss.com\\\/index.php\\\/produit\\\/choisir-comprendre-statut-juridique-ealearning\\\/\"]}]},{\"@type\":\"ImageObject\",\"inLanguage\":\"fr-FR\",\"@id\":\"https:\\\/\\\/www.girl-boss.com\\\/index.php\\\/produit\\\/choisir-comprendre-statut-juridique-ealearning\\\/#primaryimage\",\"url\":\"https:\\\/\\\/i0.wp.com\\\/www.girl-boss.com\\\/wp-content\\\/uploads\\\/2022\\\/10\\\/formation-girl-boss-entrepreneuriat-feminin3.png?fit=2380%2C2380&ssl=1\",\"contentUrl\":\"https:\\\/\\\/i0.wp.com\\\/www.girl-boss.com\\\/wp-content\\\/uploads\\\/2022\\\/10\\\/formation-girl-boss-entrepreneuriat-feminin3.png?fit=2380%2C2380&ssl=1\",\"width\":2380,\"height\":2380,\"caption\":\"formation girl boss, e-learning statuts juridiques, astuces\"},{\"@type\":\"BreadcrumbList\",\"@id\":\"https:\\\/\\\/www.girl-boss.com\\\/index.php\\\/produit\\\/choisir-comprendre-statut-juridique-ealearning\\\/#breadcrumb\",\"itemListElement\":[{\"@type\":\"ListItem\",\"position\":1,\"name\":\"Accueil\",\"item\":\"https:\\\/\\\/www.girl-boss.com\\\/\"},{\"@type\":\"ListItem\",\"position\":2,\"name\":\"Boutique\",\"item\":\"https:\\\/\\\/www.girl-boss.com\\\/index.php\\\/modules-elearning-formation-girlboss\\\/\"},{\"@type\":\"ListItem\",\"position\":3,\"name\":\"Choisir son Statut Juridique\"}]},{\"@type\":\"WebSite\",\"@id\":\"https:\\\/\\\/www.girl-boss.com\\\/#website\",\"url\":\"https:\\\/\\\/www.girl-boss.com\\\/\",\"name\":\"GIRL BOSS - Formation Entrepreneuriat F\u00e9minin\",\"description\":\"Le programme qui accompagne les femmes qui souhaitent devenir entrepreneuses.\",\"publisher\":{\"@id\":\"https:\\\/\\\/www.girl-boss.com\\\/#organization\"},\"potentialAction\":[{\"@type\":\"SearchAction\",\"target\":{\"@type\":\"EntryPoint\",\"urlTemplate\":\"https:\\\/\\\/www.girl-boss.com\\\/?s={search_term_string}\"},\"query-input\":{\"@type\":\"PropertyValueSpecification\",\"valueRequired\":true,\"valueName\":\"search_term_string\"}}],\"inLanguage\":\"fr-FR\"},{\"@type\":\"Organization\",\"@id\":\"https:\\\/\\\/www.girl-boss.com\\\/#organization\",\"name\":\"GIRL BOSS - Formation Entrepreneuriat F\u00e9minin\",\"url\":\"https:\\\/\\\/www.girl-boss.com\\\/\",\"logo\":{\"@type\":\"ImageObject\",\"inLanguage\":\"fr-FR\",\"@id\":\"https:\\\/\\\/www.girl-boss.com\\\/#\\\/schema\\\/logo\\\/image\\\/\",\"url\":\"https:\\\/\\\/i0.wp.com\\\/www.girl-boss.com\\\/wp-content\\\/uploads\\\/2022\\\/08\\\/Logo-v2-noir.png?fit=5399%2C4618&ssl=1\",\"contentUrl\":\"https:\\\/\\\/i0.wp.com\\\/www.girl-boss.com\\\/wp-content\\\/uploads\\\/2022\\\/08\\\/Logo-v2-noir.png?fit=5399%2C4618&ssl=1\",\"width\":5399,\"height\":4618,\"caption\":\"GIRL BOSS - Formation Entrepreneuriat F\u00e9minin\"},\"image\":{\"@id\":\"https:\\\/\\\/www.girl-boss.com\\\/#\\\/schema\\\/logo\\\/image\\\/\"},\"sameAs\":[\"https:\\\/\\\/www.instagram.com\\\/cesareaagency\"]}]}<\/script>\n<!-- \/ Yoast SEO plugin. -->","yoast_head_json":{"title":"Comprendre et choisir son statut juridique - elearning","description":"Choisir une structure juridique est indispensable. D\u00e9couvez notre formation : comprendre et choisir son statut juridique en e-learning.","robots":{"index":"index","follow":"follow","max-snippet":"max-snippet:-1","max-image-preview":"max-image-preview:large","max-video-preview":"max-video-preview:-1"},"canonical":"https:\/\/www.girl-boss.com\/index.php\/produit\/choisir-comprendre-statut-juridique-ealearning\/","og_locale":"fr_FR","og_type":"article","og_title":"Comprendre et choisir son statut juridique - elearning","og_description":"Choisir une structure juridique est indispensable. D\u00e9couvez notre formation : comprendre et choisir son statut juridique en e-learning.","og_url":"https:\/\/www.girl-boss.com\/index.php\/produit\/choisir-comprendre-statut-juridique-ealearning\/","og_site_name":"GIRL BOSS - Formation Entrepreneuriat F\u00e9minin","og_image":[{"width":1024,"height":1024,"url":"https:\/\/www.girl-boss.com\/wp-content\/uploads\/2022\/10\/formation-girl-boss-entrepreneuriat-feminin3-1024x1024.png","type":"image\/png"}],"twitter_card":"summary_large_image","schema":{"@context":"https:\/\/schema.org","@graph":[{"@type":"WebPage","@id":"https:\/\/www.girl-boss.com\/index.php\/produit\/choisir-comprendre-statut-juridique-ealearning\/","url":"https:\/\/www.girl-boss.com\/index.php\/produit\/choisir-comprendre-statut-juridique-ealearning\/","name":"Comprendre et choisir son statut juridique - elearning","isPartOf":{"@id":"https:\/\/www.girl-boss.com\/#website"},"primaryImageOfPage":{"@id":"https:\/\/www.girl-boss.com\/index.php\/produit\/choisir-comprendre-statut-juridique-ealearning\/#primaryimage"},"image":{"@id":"https:\/\/www.girl-boss.com\/index.php\/produit\/choisir-comprendre-statut-juridique-ealearning\/#primaryimage"},"thumbnailUrl":"https:\/\/i0.wp.com\/www.girl-boss.com\/wp-content\/uploads\/2022\/10\/formation-girl-boss-entrepreneuriat-feminin3.png?fit=2380%2C2380&ssl=1","datePublished":"2022-10-13T08:03:27+00:00","description":"Choisir une structure juridique est indispensable. D\u00e9couvez notre formation : comprendre et choisir son statut juridique en e-learning.","breadcrumb":{"@id":"https:\/\/www.girl-boss.com\/index.php\/produit\/choisir-comprendre-statut-juridique-ealearning\/#breadcrumb"},"inLanguage":"fr-FR","potentialAction":[{"@type":"ReadAction","target":["https:\/\/www.girl-boss.com\/index.php\/produit\/choisir-comprendre-statut-juridique-ealearning\/"]}]},{"@type":"ImageObject","inLanguage":"fr-FR","@id":"https:\/\/www.girl-boss.com\/index.php\/produit\/choisir-comprendre-statut-juridique-ealearning\/#primaryimage","url":"https:\/\/i0.wp.com\/www.girl-boss.com\/wp-content\/uploads\/2022\/10\/formation-girl-boss-entrepreneuriat-feminin3.png?fit=2380%2C2380&ssl=1","contentUrl":"https:\/\/i0.wp.com\/www.girl-boss.com\/wp-content\/uploads\/2022\/10\/formation-girl-boss-entrepreneuriat-feminin3.png?fit=2380%2C2380&ssl=1","width":2380,"height":2380,"caption":"formation girl boss, e-learning statuts juridiques, astuces"},{"@type":"BreadcrumbList","@id":"https:\/\/www.girl-boss.com\/index.php\/produit\/choisir-comprendre-statut-juridique-ealearning\/#breadcrumb","itemListElement":[{"@type":"ListItem","position":1,"name":"Accueil","item":"https:\/\/www.girl-boss.com\/"},{"@type":"ListItem","position":2,"name":"Boutique","item":"https:\/\/www.girl-boss.com\/index.php\/modules-elearning-formation-girlboss\/"},{"@type":"ListItem","position":3,"name":"Choisir son Statut Juridique"}]},{"@type":"WebSite","@id":"https:\/\/www.girl-boss.com\/#website","url":"https:\/\/www.girl-boss.com\/","name":"GIRL BOSS - Formation Entrepreneuriat F\u00e9minin","description":"Le programme qui accompagne les femmes qui souhaitent devenir entrepreneuses.","publisher":{"@id":"https:\/\/www.girl-boss.com\/#organization"},"potentialAction":[{"@type":"SearchAction","target":{"@type":"EntryPoint","urlTemplate":"https:\/\/www.girl-boss.com\/?s={search_term_string}"},"query-input":{"@type":"PropertyValueSpecification","valueRequired":true,"valueName":"search_term_string"}}],"inLanguage":"fr-FR"},{"@type":"Organization","@id":"https:\/\/www.girl-boss.com\/#organization","name":"GIRL BOSS - Formation Entrepreneuriat F\u00e9minin","url":"https:\/\/www.girl-boss.com\/","logo":{"@type":"ImageObject","inLanguage":"fr-FR","@id":"https:\/\/www.girl-boss.com\/#\/schema\/logo\/image\/","url":"https:\/\/i0.wp.com\/www.girl-boss.com\/wp-content\/uploads\/2022\/08\/Logo-v2-noir.png?fit=5399%2C4618&ssl=1","contentUrl":"https:\/\/i0.wp.com\/www.girl-boss.com\/wp-content\/uploads\/2022\/08\/Logo-v2-noir.png?fit=5399%2C4618&ssl=1","width":5399,"height":4618,"caption":"GIRL BOSS - Formation Entrepreneuriat F\u00e9minin"},"image":{"@id":"https:\/\/www.girl-boss.com\/#\/schema\/logo\/image\/"},"sameAs":["https:\/\/www.instagram.com\/cesareaagency"]}]}},"jetpack_sharing_enabled":true,"_links":{"self":[{"href":"https:\/\/www.girl-boss.com\/index.php\/wp-json\/wp\/v2\/product\/987","targetHints":{"allow":["GET"]}}],"collection":[{"href":"https:\/\/www.girl-boss.com\/index.php\/wp-json\/wp\/v2\/product"}],"about":[{"href":"https:\/\/www.girl-boss.com\/index.php\/wp-json\/wp\/v2\/types\/product"}],"wp:featuredmedia":[{"embeddable":true,"href":"https:\/\/www.girl-boss.com\/index.php\/wp-json\/wp\/v2\/media\/989"}],"wp:attachment":[{"href":"https:\/\/www.girl-boss.com\/index.php\/wp-json\/wp\/v2\/media?parent=987"}],"wp:term":[{"taxonomy":"product_brand","embeddable":true,"href":"https:\/\/www.girl-boss.com\/index.php\/wp-json\/wp\/v2\/product_brand?post=987"},{"taxonomy":"product_cat","embeddable":true,"href":"https:\/\/www.girl-boss.com\/index.php\/wp-json\/wp\/v2\/product_cat?post=987"},{"taxonomy":"product_tag","embeddable":true,"href":"https:\/\/www.girl-boss.com\/index.php\/wp-json\/wp\/v2\/product_tag?post=987"}],"curies":[{"name":"wp","href":"https:\/\/api.w.org\/{rel}","templated":true}]}}