{"id":5025,"date":"2024-04-09T20:30:58","date_gmt":"2024-04-09T18:30:58","guid":{"rendered":"https:\/\/www.girl-boss.com\/?post_type=product&#038;p=5025"},"modified":"2024-04-09T20:30:59","modified_gmt":"2024-04-09T18:30:59","slug":"coaching-she-ceo-mastery","status":"publish","type":"product","link":"https:\/\/www.girl-boss.com\/index.php\/produit\/coaching-she-ceo-mastery\/","title":{"rendered":"Coaching She Ceo Mastery"},"content":{"rendered":"<div class=\"elementor-element elementor-element-3334d98f elementor-cta--skin-classic elementor-animated-content elementor-bg-transform elementor-bg-transform-zoom-in elementor-widget elementor-widget-call-to-action\" data-id=\"3334d98f\" data-element_type=\"widget\" data-widget_type=\"call-to-action.default\">\n<div class=\"elementor-widget-container\">\n<div class=\"elementor-cta\" data-e-bg-lazyload=\".elementor-bg\">\n<div class=\"elementor-cta__content\">\n<p><span class=\"elementor-cta__title elementor-cta__content-item elementor-content-item\">12H DE COACHING SUR 3 MOIS<\/span><\/p>\n<div class=\"elementor-cta__description elementor-cta__content-item elementor-content-item\">FORMULE SHECEO MASTERY<\/div>\n<\/div>\n<\/div>\n<\/div>\n<\/div>\n<div class=\"elementor-element elementor-element-755f753 elementor-widget elementor-widget-heading\" data-id=\"755f753\" data-element_type=\"widget\" data-widget_type=\"heading.default\">\n<div class=\"elementor-widget-container\">\n<h2 class=\"elementor-heading-title elementor-size-default\">\u20ac1575 TTC<\/h2>\n<\/div>\n<\/div>\n<div class=\"elementor-element elementor-element-2cee9a6 elementor-widget elementor-widget-text-editor\" data-id=\"2cee9a6\" data-element_type=\"widget\" data-widget_type=\"text-editor.default\">\n<div class=\"elementor-widget-container\">\n<p>4 sessions de 1h par mois pendant 3 mois soit 12h.<\/p>\n<p>Pr\u00e9paration de vos coachings : choix de votre probl\u00e9matique.<\/p>\n<p>12 heures de session 1:1 sur ZOOM.<\/p>\n<p>12 fiches de suivi avec un plan d\u2019action concernant la probl\u00e9matique soulev\u00e9e.<\/p>\n<p>Suivi sur Whatsapp hors s\u00e9ance pendant la dur\u00e9e de l\u2019accompagnement.<\/p>\n<p>Acc\u00e8s aux groupes Girl Boss avec les sessions de travail communes.<\/p>\n<\/div>\n<\/div>\n","protected":false},"excerpt":{"rendered":"<div class=\"elementor-element elementor-element-3334d98f elementor-cta--skin-classic elementor-animated-content elementor-bg-transform elementor-bg-transform-zoom-in elementor-widget elementor-widget-call-to-action\" data-id=\"3334d98f\" data-element_type=\"widget\" data-widget_type=\"call-to-action.default\">\n<div class=\"elementor-widget-container\">\n<div class=\"elementor-cta\" data-e-bg-lazyload=\".elementor-bg\">\n<div class=\"elementor-cta__content\">\n<p><span class=\"elementor-cta__title elementor-cta__content-item elementor-content-item\">12H DE COACHING SUR 3 MOIS<\/span><\/p>\n<div class=\"elementor-cta__description elementor-cta__content-item elementor-content-item\">FORMULE SHECEO MASTERY<\/div>\n<\/div>\n<\/div>\n<\/div>\n<\/div>\n<div class=\"elementor-element elementor-element-755f753 elementor-widget elementor-widget-heading\" data-id=\"755f753\" data-element_type=\"widget\" data-widget_type=\"heading.default\">\n<div class=\"elementor-widget-container\">\n<h2 class=\"elementor-heading-title elementor-size-default\">\u20ac1575 TTC<\/h2>\n<\/div>\n<\/div>\n<div class=\"elementor-element elementor-element-2cee9a6 elementor-widget elementor-widget-text-editor\" data-id=\"2cee9a6\" data-element_type=\"widget\" data-widget_type=\"text-editor.default\">\n<div class=\"elementor-widget-container\">\n<p>4 sessions de 1h par mois pendant 3 mois soit 12h.<\/p>\n<p>Pr\u00e9paration de vos coachings : choix de votre probl\u00e9matique.<\/p>\n<p>12 heures de session 1:1 sur ZOOM.<\/p>\n<p>12 fiches de suivi avec un plan d\u2019action concernant la probl\u00e9matique soulev\u00e9e.<\/p>\n<p>Suivi sur Whatsapp hors s\u00e9ance pendant la dur\u00e9e de l\u2019accompagnement.<\/p>\n<p>Acc\u00e8s aux groupes Girl Boss avec les sessions de travail communes.<\/p>\n<\/div>\n<\/div>\n","protected":false},"featured_media":5026,"template":"","meta":{"_monsterinsights_skip_tracking":false,"_monsterinsights_sitenote_active":false,"_monsterinsights_sitenote_note":"","_monsterinsights_sitenote_category":0},"product_brand":[],"product_cat":[27],"product_tag":[],"class_list":{"0":"post-5025","1":"product","2":"type-product","3":"status-publish","4":"has-post-thumbnail","6":"product_cat-non-classe","8":"first","9":"instock","10":"virtual","11":"purchasable","12":"product-type-simple"},"yoast_head":"<!-- This site is optimized with the Yoast SEO plugin v27.4 - https:\/\/yoast.com\/product\/yoast-seo-wordpress\/ -->\n<title>Formation GIRL BOSS d\u00e9di\u00e9e aux (futures) entrepreneuses.<\/title>\n<meta name=\"description\" content=\"Inscrivez-vous \u00e0 la formation GIRL BOSS, d\u00e9di\u00e9e aux futures entrepreneuses. Une formation compl\u00e8te pour devenir une dirigeante \u00e0 succ\u00e8s.\" \/>\n<meta name=\"robots\" content=\"index, follow, max-snippet:-1, max-image-preview:large, max-video-preview:-1\" \/>\n<link rel=\"canonical\" href=\"https:\/\/www.girl-boss.com\/index.php\/produit\/coaching-she-ceo-mastery\/\" \/>\n<meta property=\"og:locale\" content=\"fr_FR\" \/>\n<meta property=\"og:type\" content=\"article\" \/>\n<meta property=\"og:title\" content=\"Formation GIRL BOSS d\u00e9di\u00e9e aux (futures) entrepreneuses.\" \/>\n<meta property=\"og:description\" content=\"Inscrivez-vous \u00e0 la formation GIRL BOSS, d\u00e9di\u00e9e aux futures entrepreneuses. Une formation compl\u00e8te pour devenir une dirigeante \u00e0 succ\u00e8s.\" \/>\n<meta property=\"og:url\" content=\"https:\/\/www.girl-boss.com\/index.php\/produit\/coaching-she-ceo-mastery\/\" \/>\n<meta property=\"og:site_name\" content=\"GIRL BOSS - Formation Entrepreneuriat F\u00e9minin\" \/>\n<meta property=\"article:modified_time\" content=\"2024-04-09T18:30:59+00:00\" \/>\n<meta property=\"og:image\" content=\"https:\/\/www.girl-boss.com\/wp-content\/uploads\/2024\/04\/formation-entrepreneuse-formation-pour-devenir-entrepreneuse-formation-girl-boss-formation-entrepreneuriat-feminin-1024x1024.png\" \/>\n\t<meta property=\"og:image:width\" content=\"1024\" \/>\n\t<meta property=\"og:image:height\" content=\"1024\" \/>\n\t<meta property=\"og:image:type\" content=\"image\/png\" \/>\n<meta name=\"twitter:card\" content=\"summary_large_image\" \/>\n<meta name=\"twitter:label1\" content=\"Dur\u00e9e de lecture estim\u00e9e\" \/>\n\t<meta name=\"twitter:data1\" content=\"1 minute\" \/>\n<script type=\"application\/ld+json\" class=\"yoast-schema-graph\">{\"@context\":\"https:\\\/\\\/schema.org\",\"@graph\":[{\"@type\":\"WebPage\",\"@id\":\"https:\\\/\\\/www.girl-boss.com\\\/index.php\\\/produit\\\/coaching-she-ceo-mastery\\\/\",\"url\":\"https:\\\/\\\/www.girl-boss.com\\\/index.php\\\/produit\\\/coaching-she-ceo-mastery\\\/\",\"name\":\"Formation GIRL BOSS d\u00e9di\u00e9e aux (futures) entrepreneuses.\",\"isPartOf\":{\"@id\":\"https:\\\/\\\/www.girl-boss.com\\\/#website\"},\"primaryImageOfPage\":{\"@id\":\"https:\\\/\\\/www.girl-boss.com\\\/index.php\\\/produit\\\/coaching-she-ceo-mastery\\\/#primaryimage\"},\"image\":{\"@id\":\"https:\\\/\\\/www.girl-boss.com\\\/index.php\\\/produit\\\/coaching-she-ceo-mastery\\\/#primaryimage\"},\"thumbnailUrl\":\"https:\\\/\\\/i0.wp.com\\\/www.girl-boss.com\\\/wp-content\\\/uploads\\\/2024\\\/04\\\/formation-entrepreneuse-formation-pour-devenir-entrepreneuse-formation-girl-boss-formation-entrepreneuriat-feminin.png?fit=2380%2C2380&ssl=1\",\"datePublished\":\"2024-04-09T18:30:58+00:00\",\"dateModified\":\"2024-04-09T18:30:59+00:00\",\"description\":\"Inscrivez-vous \u00e0 la formation GIRL BOSS, d\u00e9di\u00e9e aux futures entrepreneuses. Une formation compl\u00e8te pour devenir une dirigeante \u00e0 succ\u00e8s.\",\"breadcrumb\":{\"@id\":\"https:\\\/\\\/www.girl-boss.com\\\/index.php\\\/produit\\\/coaching-she-ceo-mastery\\\/#breadcrumb\"},\"inLanguage\":\"fr-FR\",\"potentialAction\":[{\"@type\":\"ReadAction\",\"target\":[\"https:\\\/\\\/www.girl-boss.com\\\/index.php\\\/produit\\\/coaching-she-ceo-mastery\\\/\"]}]},{\"@type\":\"ImageObject\",\"inLanguage\":\"fr-FR\",\"@id\":\"https:\\\/\\\/www.girl-boss.com\\\/index.php\\\/produit\\\/coaching-she-ceo-mastery\\\/#primaryimage\",\"url\":\"https:\\\/\\\/i0.wp.com\\\/www.girl-boss.com\\\/wp-content\\\/uploads\\\/2024\\\/04\\\/formation-entrepreneuse-formation-pour-devenir-entrepreneuse-formation-girl-boss-formation-entrepreneuriat-feminin.png?fit=2380%2C2380&ssl=1\",\"contentUrl\":\"https:\\\/\\\/i0.wp.com\\\/www.girl-boss.com\\\/wp-content\\\/uploads\\\/2024\\\/04\\\/formation-entrepreneuse-formation-pour-devenir-entrepreneuse-formation-girl-boss-formation-entrepreneuriat-feminin.png?fit=2380%2C2380&ssl=1\",\"width\":2380,\"height\":2380,\"caption\":\"formation entrepreneuse, formation pour devenir entrepreneuse, formation girl boss, formation entrepreneuriat fe\u0301minin\"},{\"@type\":\"BreadcrumbList\",\"@id\":\"https:\\\/\\\/www.girl-boss.com\\\/index.php\\\/produit\\\/coaching-she-ceo-mastery\\\/#breadcrumb\",\"itemListElement\":[{\"@type\":\"ListItem\",\"position\":1,\"name\":\"Accueil\",\"item\":\"https:\\\/\\\/www.girl-boss.com\\\/\"},{\"@type\":\"ListItem\",\"position\":2,\"name\":\"Boutique\",\"item\":\"https:\\\/\\\/www.girl-boss.com\\\/index.php\\\/modules-elearning-formation-girlboss\\\/\"},{\"@type\":\"ListItem\",\"position\":3,\"name\":\"Coaching She Ceo Mastery\"}]},{\"@type\":\"WebSite\",\"@id\":\"https:\\\/\\\/www.girl-boss.com\\\/#website\",\"url\":\"https:\\\/\\\/www.girl-boss.com\\\/\",\"name\":\"GIRL BOSS - Formation Entrepreneuriat F\u00e9minin\",\"description\":\"Le programme qui accompagne les femmes qui souhaitent devenir entrepreneuses.\",\"publisher\":{\"@id\":\"https:\\\/\\\/www.girl-boss.com\\\/#organization\"},\"potentialAction\":[{\"@type\":\"SearchAction\",\"target\":{\"@type\":\"EntryPoint\",\"urlTemplate\":\"https:\\\/\\\/www.girl-boss.com\\\/?s={search_term_string}\"},\"query-input\":{\"@type\":\"PropertyValueSpecification\",\"valueRequired\":true,\"valueName\":\"search_term_string\"}}],\"inLanguage\":\"fr-FR\"},{\"@type\":\"Organization\",\"@id\":\"https:\\\/\\\/www.girl-boss.com\\\/#organization\",\"name\":\"GIRL BOSS - Formation Entrepreneuriat F\u00e9minin\",\"url\":\"https:\\\/\\\/www.girl-boss.com\\\/\",\"logo\":{\"@type\":\"ImageObject\",\"inLanguage\":\"fr-FR\",\"@id\":\"https:\\\/\\\/www.girl-boss.com\\\/#\\\/schema\\\/logo\\\/image\\\/\",\"url\":\"https:\\\/\\\/i0.wp.com\\\/www.girl-boss.com\\\/wp-content\\\/uploads\\\/2022\\\/08\\\/Logo-v2-noir.png?fit=5399%2C4618&ssl=1\",\"contentUrl\":\"https:\\\/\\\/i0.wp.com\\\/www.girl-boss.com\\\/wp-content\\\/uploads\\\/2022\\\/08\\\/Logo-v2-noir.png?fit=5399%2C4618&ssl=1\",\"width\":5399,\"height\":4618,\"caption\":\"GIRL BOSS - Formation Entrepreneuriat F\u00e9minin\"},\"image\":{\"@id\":\"https:\\\/\\\/www.girl-boss.com\\\/#\\\/schema\\\/logo\\\/image\\\/\"},\"sameAs\":[\"https:\\\/\\\/www.instagram.com\\\/cesareaagency\"]}]}<\/script>\n<!-- \/ Yoast SEO plugin. -->","yoast_head_json":{"title":"Formation GIRL BOSS d\u00e9di\u00e9e aux (futures) entrepreneuses.","description":"Inscrivez-vous \u00e0 la formation GIRL BOSS, d\u00e9di\u00e9e aux futures entrepreneuses. Une formation compl\u00e8te pour devenir une dirigeante \u00e0 succ\u00e8s.","robots":{"index":"index","follow":"follow","max-snippet":"max-snippet:-1","max-image-preview":"max-image-preview:large","max-video-preview":"max-video-preview:-1"},"canonical":"https:\/\/www.girl-boss.com\/index.php\/produit\/coaching-she-ceo-mastery\/","og_locale":"fr_FR","og_type":"article","og_title":"Formation GIRL BOSS d\u00e9di\u00e9e aux (futures) entrepreneuses.","og_description":"Inscrivez-vous \u00e0 la formation GIRL BOSS, d\u00e9di\u00e9e aux futures entrepreneuses. Une formation compl\u00e8te pour devenir une dirigeante \u00e0 succ\u00e8s.","og_url":"https:\/\/www.girl-boss.com\/index.php\/produit\/coaching-she-ceo-mastery\/","og_site_name":"GIRL BOSS - Formation Entrepreneuriat F\u00e9minin","article_modified_time":"2024-04-09T18:30:59+00:00","og_image":[{"width":1024,"height":1024,"url":"https:\/\/www.girl-boss.com\/wp-content\/uploads\/2024\/04\/formation-entrepreneuse-formation-pour-devenir-entrepreneuse-formation-girl-boss-formation-entrepreneuriat-feminin-1024x1024.png","type":"image\/png"}],"twitter_card":"summary_large_image","twitter_misc":{"Dur\u00e9e de lecture estim\u00e9e":"1 minute"},"schema":{"@context":"https:\/\/schema.org","@graph":[{"@type":"WebPage","@id":"https:\/\/www.girl-boss.com\/index.php\/produit\/coaching-she-ceo-mastery\/","url":"https:\/\/www.girl-boss.com\/index.php\/produit\/coaching-she-ceo-mastery\/","name":"Formation GIRL BOSS d\u00e9di\u00e9e aux (futures) entrepreneuses.","isPartOf":{"@id":"https:\/\/www.girl-boss.com\/#website"},"primaryImageOfPage":{"@id":"https:\/\/www.girl-boss.com\/index.php\/produit\/coaching-she-ceo-mastery\/#primaryimage"},"image":{"@id":"https:\/\/www.girl-boss.com\/index.php\/produit\/coaching-she-ceo-mastery\/#primaryimage"},"thumbnailUrl":"https:\/\/i0.wp.com\/www.girl-boss.com\/wp-content\/uploads\/2024\/04\/formation-entrepreneuse-formation-pour-devenir-entrepreneuse-formation-girl-boss-formation-entrepreneuriat-feminin.png?fit=2380%2C2380&ssl=1","datePublished":"2024-04-09T18:30:58+00:00","dateModified":"2024-04-09T18:30:59+00:00","description":"Inscrivez-vous \u00e0 la formation GIRL BOSS, d\u00e9di\u00e9e aux futures entrepreneuses. Une formation compl\u00e8te pour devenir une dirigeante \u00e0 succ\u00e8s.","breadcrumb":{"@id":"https:\/\/www.girl-boss.com\/index.php\/produit\/coaching-she-ceo-mastery\/#breadcrumb"},"inLanguage":"fr-FR","potentialAction":[{"@type":"ReadAction","target":["https:\/\/www.girl-boss.com\/index.php\/produit\/coaching-she-ceo-mastery\/"]}]},{"@type":"ImageObject","inLanguage":"fr-FR","@id":"https:\/\/www.girl-boss.com\/index.php\/produit\/coaching-she-ceo-mastery\/#primaryimage","url":"https:\/\/i0.wp.com\/www.girl-boss.com\/wp-content\/uploads\/2024\/04\/formation-entrepreneuse-formation-pour-devenir-entrepreneuse-formation-girl-boss-formation-entrepreneuriat-feminin.png?fit=2380%2C2380&ssl=1","contentUrl":"https:\/\/i0.wp.com\/www.girl-boss.com\/wp-content\/uploads\/2024\/04\/formation-entrepreneuse-formation-pour-devenir-entrepreneuse-formation-girl-boss-formation-entrepreneuriat-feminin.png?fit=2380%2C2380&ssl=1","width":2380,"height":2380,"caption":"formation entrepreneuse, formation pour devenir entrepreneuse, formation girl boss, formation entrepreneuriat fe\u0301minin"},{"@type":"BreadcrumbList","@id":"https:\/\/www.girl-boss.com\/index.php\/produit\/coaching-she-ceo-mastery\/#breadcrumb","itemListElement":[{"@type":"ListItem","position":1,"name":"Accueil","item":"https:\/\/www.girl-boss.com\/"},{"@type":"ListItem","position":2,"name":"Boutique","item":"https:\/\/www.girl-boss.com\/index.php\/modules-elearning-formation-girlboss\/"},{"@type":"ListItem","position":3,"name":"Coaching She Ceo Mastery"}]},{"@type":"WebSite","@id":"https:\/\/www.girl-boss.com\/#website","url":"https:\/\/www.girl-boss.com\/","name":"GIRL BOSS - Formation Entrepreneuriat F\u00e9minin","description":"Le programme qui accompagne les femmes qui souhaitent devenir entrepreneuses.","publisher":{"@id":"https:\/\/www.girl-boss.com\/#organization"},"potentialAction":[{"@type":"SearchAction","target":{"@type":"EntryPoint","urlTemplate":"https:\/\/www.girl-boss.com\/?s={search_term_string}"},"query-input":{"@type":"PropertyValueSpecification","valueRequired":true,"valueName":"search_term_string"}}],"inLanguage":"fr-FR"},{"@type":"Organization","@id":"https:\/\/www.girl-boss.com\/#organization","name":"GIRL BOSS - Formation Entrepreneuriat F\u00e9minin","url":"https:\/\/www.girl-boss.com\/","logo":{"@type":"ImageObject","inLanguage":"fr-FR","@id":"https:\/\/www.girl-boss.com\/#\/schema\/logo\/image\/","url":"https:\/\/i0.wp.com\/www.girl-boss.com\/wp-content\/uploads\/2022\/08\/Logo-v2-noir.png?fit=5399%2C4618&ssl=1","contentUrl":"https:\/\/i0.wp.com\/www.girl-boss.com\/wp-content\/uploads\/2022\/08\/Logo-v2-noir.png?fit=5399%2C4618&ssl=1","width":5399,"height":4618,"caption":"GIRL BOSS - Formation Entrepreneuriat F\u00e9minin"},"image":{"@id":"https:\/\/www.girl-boss.com\/#\/schema\/logo\/image\/"},"sameAs":["https:\/\/www.instagram.com\/cesareaagency"]}]}},"jetpack_sharing_enabled":true,"_links":{"self":[{"href":"https:\/\/www.girl-boss.com\/index.php\/wp-json\/wp\/v2\/product\/5025","targetHints":{"allow":["GET"]}}],"collection":[{"href":"https:\/\/www.girl-boss.com\/index.php\/wp-json\/wp\/v2\/product"}],"about":[{"href":"https:\/\/www.girl-boss.com\/index.php\/wp-json\/wp\/v2\/types\/product"}],"wp:featuredmedia":[{"embeddable":true,"href":"https:\/\/www.girl-boss.com\/index.php\/wp-json\/wp\/v2\/media\/5026"}],"wp:attachment":[{"href":"https:\/\/www.girl-boss.com\/index.php\/wp-json\/wp\/v2\/media?parent=5025"}],"wp:term":[{"taxonomy":"product_brand","embeddable":true,"href":"https:\/\/www.girl-boss.com\/index.php\/wp-json\/wp\/v2\/product_brand?post=5025"},{"taxonomy":"product_cat","embeddable":true,"href":"https:\/\/www.girl-boss.com\/index.php\/wp-json\/wp\/v2\/product_cat?post=5025"},{"taxonomy":"product_tag","embeddable":true,"href":"https:\/\/www.girl-boss.com\/index.php\/wp-json\/wp\/v2\/product_tag?post=5025"}],"curies":[{"name":"wp","href":"https:\/\/api.w.org\/{rel}","templated":true}]}}