{"id":2415,"date":"2023-02-20T14:53:10","date_gmt":"2023-02-20T13:53:10","guid":{"rendered":"https:\/\/www.girl-boss.com\/?page_id=2415"},"modified":"2023-02-20T15:03:54","modified_gmt":"2023-02-20T14:03:54","slug":"telechargement-guide-gratuit-13-etapes-pour-creer-votre-entreprise","status":"publish","type":"page","link":"https:\/\/www.girl-boss.com\/index.php\/telechargement-guide-gratuit-13-etapes-pour-creer-votre-entreprise\/","title":{"rendered":"T\u00c9L\u00c9CHARGEMENT GUIDE GRATUIT &#8211; 13 \u00c9TAPES POUR CR\u00c9ER VOTRE ENTREPRISE"},"content":{"rendered":"\t\t<div data-elementor-type=\"wp-page\" data-elementor-id=\"2415\" class=\"elementor elementor-2415\" data-elementor-settings=\"{&quot;ha_cmc_init_switcher&quot;:&quot;no&quot;}\" data-elementor-post-type=\"page\">\n\t\t\t\t\t\t<section class=\"elementor-section elementor-top-section elementor-element elementor-element-4c5b689 elementor-section-boxed elementor-section-height-default elementor-section-height-default\" data-id=\"4c5b689\" data-element_type=\"section\" data-e-type=\"section\" data-settings=\"{&quot;_ha_eqh_enable&quot;:false}\">\n\t\t\t\t\t\t<div class=\"elementor-container elementor-column-gap-default\">\n\t\t\t\t\t<div class=\"elementor-column elementor-col-100 elementor-top-column elementor-element elementor-element-f4ec189\" data-id=\"f4ec189\" data-element_type=\"column\" data-e-type=\"column\">\n\t\t\t<div class=\"elementor-widget-wrap elementor-element-populated\">\n\t\t\t\t\t\t<div class=\"elementor-element elementor-element-530b95e elementor-widget elementor-widget-image\" data-id=\"530b95e\" data-element_type=\"widget\" data-e-type=\"widget\" data-widget_type=\"image.default\">\n\t\t\t\t<div class=\"elementor-widget-container\">\n\t\t\t\t\t\t\t\t\t\t\t\t\t\t\t<img fetchpriority=\"high\" decoding=\"async\" width=\"300\" height=\"223\" src=\"https:\/\/i0.wp.com\/www.girl-boss.com\/wp-content\/uploads\/2022\/08\/Logo-v1-rose-v5.png?fit=300%2C223&amp;ssl=1\" class=\"attachment-medium size-medium wp-image-459\" alt=\"Logo Girl Boss Formation\" srcset=\"https:\/\/i0.wp.com\/www.girl-boss.com\/wp-content\/uploads\/2022\/08\/Logo-v1-rose-v5.png?w=5403&amp;ssl=1 5403w, https:\/\/i0.wp.com\/www.girl-boss.com\/wp-content\/uploads\/2022\/08\/Logo-v1-rose-v5.png?resize=600%2C446&amp;ssl=1 600w, https:\/\/i0.wp.com\/www.girl-boss.com\/wp-content\/uploads\/2022\/08\/Logo-v1-rose-v5.png?resize=300%2C223&amp;ssl=1 300w, https:\/\/i0.wp.com\/www.girl-boss.com\/wp-content\/uploads\/2022\/08\/Logo-v1-rose-v5.png?resize=1024%2C762&amp;ssl=1 1024w, https:\/\/i0.wp.com\/www.girl-boss.com\/wp-content\/uploads\/2022\/08\/Logo-v1-rose-v5.png?resize=768%2C571&amp;ssl=1 768w, https:\/\/i0.wp.com\/www.girl-boss.com\/wp-content\/uploads\/2022\/08\/Logo-v1-rose-v5.png?resize=1536%2C1143&amp;ssl=1 1536w, https:\/\/i0.wp.com\/www.girl-boss.com\/wp-content\/uploads\/2022\/08\/Logo-v1-rose-v5.png?resize=2048%2C1523&amp;ssl=1 2048w, https:\/\/i0.wp.com\/www.girl-boss.com\/wp-content\/uploads\/2022\/08\/Logo-v1-rose-v5.png?w=1600&amp;ssl=1 1600w, https:\/\/i0.wp.com\/www.girl-boss.com\/wp-content\/uploads\/2022\/08\/Logo-v1-rose-v5.png?w=2400&amp;ssl=1 2400w\" sizes=\"(max-width: 300px) 100vw, 300px\" \/>\t\t\t\t\t\t\t\t\t\t\t\t\t\t\t<\/div>\n\t\t\t\t<\/div>\n\t\t\t\t<section class=\"elementor-section elementor-inner-section elementor-element elementor-element-d64480c elementor-section-boxed elementor-section-height-default elementor-section-height-default\" data-id=\"d64480c\" data-element_type=\"section\" data-e-type=\"section\" data-settings=\"{&quot;_ha_eqh_enable&quot;:false}\">\n\t\t\t\t\t\t<div class=\"elementor-container elementor-column-gap-default\">\n\t\t\t\t\t<div class=\"elementor-column elementor-col-100 elementor-inner-column elementor-element elementor-element-8529bcb\" data-id=\"8529bcb\" data-element_type=\"column\" data-e-type=\"column\">\n\t\t\t<div class=\"elementor-widget-wrap elementor-element-populated\">\n\t\t\t\t\t\t<div class=\"elementor-element elementor-element-667f3c26 elementor-widget elementor-widget-heading\" data-id=\"667f3c26\" data-element_type=\"widget\" data-e-type=\"widget\" data-widget_type=\"heading.default\">\n\t\t\t\t<div class=\"elementor-widget-container\">\n\t\t\t\t\t<h3 class=\"elementor-heading-title elementor-size-default\">TON GUIDE GRATUIT EST DISPONIBLE !<\/h3>\t\t\t\t<\/div>\n\t\t\t\t<\/div>\n\t\t\t\t\t<\/div>\n\t\t<\/div>\n\t\t\t\t\t<\/div>\n\t\t<\/section>\n\t\t\t\t<section class=\"elementor-section elementor-inner-section elementor-element elementor-element-357b271 elementor-section-boxed elementor-section-height-default elementor-section-height-default\" data-id=\"357b271\" data-element_type=\"section\" data-e-type=\"section\" data-settings=\"{&quot;_ha_eqh_enable&quot;:false}\">\n\t\t\t\t\t\t<div class=\"elementor-container elementor-column-gap-default\">\n\t\t\t\t\t<div class=\"elementor-column elementor-col-100 elementor-inner-column elementor-element elementor-element-c4f28e1\" data-id=\"c4f28e1\" data-element_type=\"column\" data-e-type=\"column\">\n\t\t\t<div class=\"elementor-widget-wrap elementor-element-populated\">\n\t\t\t\t\t\t<div class=\"elementor-element elementor-element-54b3e59 elementor-widget elementor-widget-premium-addon-image-button\" data-id=\"54b3e59\" data-element_type=\"widget\" data-e-type=\"widget\" data-widget_type=\"premium-addon-image-button.default\">\n\t\t\t\t<div class=\"elementor-widget-container\">\n\t\t\t\t\t\n\t\t<a class=\"premium-image-button-none premium-image-button premium-btn-lg premium-image-button-none\" href=\"https:\/\/www.girl-boss.com\/wp-content\/uploads\/2023\/02\/GUIDE-13-ETAPES-POUR-CREER-SON-BUSINESS-GRATUIT-.pdf\">\n\t\t\t<div class=\"premium-image-button-text-icon-wrapper\">\n\n\t\t\t\t\n\t\t\t\t\t\t\t\t\t<span >\n\t\t\t\t\t\tCLIQUE ICI POUR ACC\u00c9DER \u00c0 TON GUIDE\t\t\t\t\t<\/span>\n\t\t\t\t\n\t\t\t<\/div>\n\n\t\t\t\n\t\t\t\n\t\t\t\n\t\t<\/a>\n\n\t\t\t\t\t\t<\/div>\n\t\t\t\t<\/div>\n\t\t\t\t\t<\/div>\n\t\t<\/div>\n\t\t\t\t\t<\/div>\n\t\t<\/section>\n\t\t\t\t\t<\/div>\n\t\t<\/div>\n\t\t\t\t\t<\/div>\n\t\t<\/section>\n\t\t\t\t<\/div>\n\t\t","protected":false},"excerpt":{"rendered":"<p>TON GUIDE GRATUIT EST DISPONIBLE ! CLIQUE ICI POUR ACC\u00c9DER \u00c0 TON GUIDE<\/p>\n","protected":false},"author":1,"featured_media":2403,"parent":0,"menu_order":0,"comment_status":"closed","ping_status":"closed","template":"elementor_canvas","meta":{"_monsterinsights_skip_tracking":false,"_monsterinsights_sitenote_active":false,"_monsterinsights_sitenote_note":"","_monsterinsights_sitenote_category":0,"footnotes":""},"class_list":["post-2415","page","type-page","status-publish","has-post-thumbnail","hentry"],"yoast_head":"<!-- This site is optimized with the Yoast SEO plugin v27.5 - https:\/\/yoast.com\/product\/yoast-seo-wordpress\/ -->\n<title>GUIDE GRATUIT : 13 \u00c9tapes pour Cr\u00e9er Votre Entreprise<\/title>\n<meta name=\"description\" content=\"T\u00e9l\u00e9chargement de votre GUIDE GRATUIT - 13 \u00c9TAPES POUR CR\u00c9ER VOTRE ENTREPRISE : toutes les informations pour cr\u00e9er votre entreprise.\" \/>\n<meta name=\"robots\" content=\"index, follow, max-snippet:-1, max-image-preview:large, max-video-preview:-1\" \/>\n<link rel=\"canonical\" href=\"https:\/\/www.girl-boss.com\/index.php\/telechargement-guide-gratuit-13-etapes-pour-creer-votre-entreprise\/\" \/>\n<meta property=\"og:locale\" content=\"fr_FR\" \/>\n<meta property=\"og:type\" content=\"article\" \/>\n<meta property=\"og:title\" content=\"GUIDE GRATUIT : 13 \u00c9tapes pour Cr\u00e9er Votre Entreprise\" \/>\n<meta property=\"og:description\" content=\"T\u00e9l\u00e9chargement de votre GUIDE GRATUIT - 13 \u00c9TAPES POUR CR\u00c9ER VOTRE ENTREPRISE : toutes les informations pour cr\u00e9er votre entreprise.\" \/>\n<meta property=\"og:url\" content=\"https:\/\/www.girl-boss.com\/index.php\/telechargement-guide-gratuit-13-etapes-pour-creer-votre-entreprise\/\" \/>\n<meta property=\"og:site_name\" content=\"GIRL BOSS - Formation Entrepreneuriat F\u00e9minin\" \/>\n<meta property=\"article:modified_time\" content=\"2023-02-20T14:03:54+00:00\" \/>\n<meta property=\"og:image\" content=\"https:\/\/www.girl-boss.com\/wp-content\/uploads\/2022\/08\/accompagnement-creation-dentreprise-formation-girl-boss-coach-femme-business.png\" \/>\n\t<meta property=\"og:image:width\" content=\"1080\" \/>\n\t<meta property=\"og:image:height\" content=\"1080\" \/>\n\t<meta property=\"og:image:type\" content=\"image\/png\" \/>\n<meta name=\"twitter:card\" content=\"summary_large_image\" \/>\n<meta name=\"twitter:label1\" content=\"Dur\u00e9e de lecture estim\u00e9e\" \/>\n\t<meta name=\"twitter:data1\" content=\"1 minute\" \/>\n<script type=\"application\/ld+json\" class=\"yoast-schema-graph\">{\"@context\":\"https:\\\/\\\/schema.org\",\"@graph\":[{\"@type\":\"WebPage\",\"@id\":\"https:\\\/\\\/www.girl-boss.com\\\/index.php\\\/telechargement-guide-gratuit-13-etapes-pour-creer-votre-entreprise\\\/\",\"url\":\"https:\\\/\\\/www.girl-boss.com\\\/index.php\\\/telechargement-guide-gratuit-13-etapes-pour-creer-votre-entreprise\\\/\",\"name\":\"GUIDE GRATUIT : 13 \u00c9tapes pour Cr\u00e9er Votre Entreprise\",\"isPartOf\":{\"@id\":\"https:\\\/\\\/www.girl-boss.com\\\/#website\"},\"primaryImageOfPage\":{\"@id\":\"https:\\\/\\\/www.girl-boss.com\\\/index.php\\\/telechargement-guide-gratuit-13-etapes-pour-creer-votre-entreprise\\\/#primaryimage\"},\"image\":{\"@id\":\"https:\\\/\\\/www.girl-boss.com\\\/index.php\\\/telechargement-guide-gratuit-13-etapes-pour-creer-votre-entreprise\\\/#primaryimage\"},\"thumbnailUrl\":\"https:\\\/\\\/i0.wp.com\\\/www.girl-boss.com\\\/wp-content\\\/uploads\\\/2022\\\/08\\\/accompagnement-creation-dentreprise-formation-girl-boss-coach-femme-business.png?fit=1080%2C1080&ssl=1\",\"datePublished\":\"2023-02-20T13:53:10+00:00\",\"dateModified\":\"2023-02-20T14:03:54+00:00\",\"description\":\"T\u00e9l\u00e9chargement de votre GUIDE GRATUIT - 13 \u00c9TAPES POUR CR\u00c9ER VOTRE ENTREPRISE : toutes les informations pour cr\u00e9er votre entreprise.\",\"breadcrumb\":{\"@id\":\"https:\\\/\\\/www.girl-boss.com\\\/index.php\\\/telechargement-guide-gratuit-13-etapes-pour-creer-votre-entreprise\\\/#breadcrumb\"},\"inLanguage\":\"fr-FR\",\"potentialAction\":[{\"@type\":\"ReadAction\",\"target\":[\"https:\\\/\\\/www.girl-boss.com\\\/index.php\\\/telechargement-guide-gratuit-13-etapes-pour-creer-votre-entreprise\\\/\"]}]},{\"@type\":\"ImageObject\",\"inLanguage\":\"fr-FR\",\"@id\":\"https:\\\/\\\/www.girl-boss.com\\\/index.php\\\/telechargement-guide-gratuit-13-etapes-pour-creer-votre-entreprise\\\/#primaryimage\",\"url\":\"https:\\\/\\\/i0.wp.com\\\/www.girl-boss.com\\\/wp-content\\\/uploads\\\/2022\\\/08\\\/accompagnement-creation-dentreprise-formation-girl-boss-coach-femme-business.png?fit=1080%2C1080&ssl=1\",\"contentUrl\":\"https:\\\/\\\/i0.wp.com\\\/www.girl-boss.com\\\/wp-content\\\/uploads\\\/2022\\\/08\\\/accompagnement-creation-dentreprise-formation-girl-boss-coach-femme-business.png?fit=1080%2C1080&ssl=1\",\"width\":1080,\"height\":1080,\"caption\":\"accompagnement cr\u00e9ation d'entreprise, formation girl boss, coach femme business\"},{\"@type\":\"BreadcrumbList\",\"@id\":\"https:\\\/\\\/www.girl-boss.com\\\/index.php\\\/telechargement-guide-gratuit-13-etapes-pour-creer-votre-entreprise\\\/#breadcrumb\",\"itemListElement\":[{\"@type\":\"ListItem\",\"position\":1,\"name\":\"Accueil\",\"item\":\"https:\\\/\\\/www.girl-boss.com\\\/\"},{\"@type\":\"ListItem\",\"position\":2,\"name\":\"T\u00c9L\u00c9CHARGEMENT GUIDE GRATUIT &#8211; 13 \u00c9TAPES POUR CR\u00c9ER VOTRE ENTREPRISE\"}]},{\"@type\":\"WebSite\",\"@id\":\"https:\\\/\\\/www.girl-boss.com\\\/#website\",\"url\":\"https:\\\/\\\/www.girl-boss.com\\\/\",\"name\":\"GIRL BOSS - Formation Entrepreneuriat F\u00e9minin\",\"description\":\"Le programme qui accompagne les femmes qui souhaitent devenir entrepreneuses.\",\"publisher\":{\"@id\":\"https:\\\/\\\/www.girl-boss.com\\\/#organization\"},\"potentialAction\":[{\"@type\":\"SearchAction\",\"target\":{\"@type\":\"EntryPoint\",\"urlTemplate\":\"https:\\\/\\\/www.girl-boss.com\\\/?s={search_term_string}\"},\"query-input\":{\"@type\":\"PropertyValueSpecification\",\"valueRequired\":true,\"valueName\":\"search_term_string\"}}],\"inLanguage\":\"fr-FR\"},{\"@type\":\"Organization\",\"@id\":\"https:\\\/\\\/www.girl-boss.com\\\/#organization\",\"name\":\"GIRL BOSS - Formation Entrepreneuriat F\u00e9minin\",\"url\":\"https:\\\/\\\/www.girl-boss.com\\\/\",\"logo\":{\"@type\":\"ImageObject\",\"inLanguage\":\"fr-FR\",\"@id\":\"https:\\\/\\\/www.girl-boss.com\\\/#\\\/schema\\\/logo\\\/image\\\/\",\"url\":\"https:\\\/\\\/i0.wp.com\\\/www.girl-boss.com\\\/wp-content\\\/uploads\\\/2022\\\/08\\\/Logo-v2-noir.png?fit=5399%2C4618&ssl=1\",\"contentUrl\":\"https:\\\/\\\/i0.wp.com\\\/www.girl-boss.com\\\/wp-content\\\/uploads\\\/2022\\\/08\\\/Logo-v2-noir.png?fit=5399%2C4618&ssl=1\",\"width\":5399,\"height\":4618,\"caption\":\"GIRL BOSS - Formation Entrepreneuriat F\u00e9minin\"},\"image\":{\"@id\":\"https:\\\/\\\/www.girl-boss.com\\\/#\\\/schema\\\/logo\\\/image\\\/\"},\"sameAs\":[\"https:\\\/\\\/www.instagram.com\\\/cesareaagency\"]}]}<\/script>\n<!-- \/ Yoast SEO plugin. -->","yoast_head_json":{"title":"GUIDE GRATUIT : 13 \u00c9tapes pour Cr\u00e9er Votre Entreprise","description":"T\u00e9l\u00e9chargement de votre GUIDE GRATUIT - 13 \u00c9TAPES POUR CR\u00c9ER VOTRE ENTREPRISE : toutes les informations pour cr\u00e9er votre entreprise.","robots":{"index":"index","follow":"follow","max-snippet":"max-snippet:-1","max-image-preview":"max-image-preview:large","max-video-preview":"max-video-preview:-1"},"canonical":"https:\/\/www.girl-boss.com\/index.php\/telechargement-guide-gratuit-13-etapes-pour-creer-votre-entreprise\/","og_locale":"fr_FR","og_type":"article","og_title":"GUIDE GRATUIT : 13 \u00c9tapes pour Cr\u00e9er Votre Entreprise","og_description":"T\u00e9l\u00e9chargement de votre GUIDE GRATUIT - 13 \u00c9TAPES POUR CR\u00c9ER VOTRE ENTREPRISE : toutes les informations pour cr\u00e9er votre entreprise.","og_url":"https:\/\/www.girl-boss.com\/index.php\/telechargement-guide-gratuit-13-etapes-pour-creer-votre-entreprise\/","og_site_name":"GIRL BOSS - Formation Entrepreneuriat F\u00e9minin","article_modified_time":"2023-02-20T14:03:54+00:00","og_image":[{"width":1080,"height":1080,"url":"https:\/\/www.girl-boss.com\/wp-content\/uploads\/2022\/08\/accompagnement-creation-dentreprise-formation-girl-boss-coach-femme-business.png","type":"image\/png"}],"twitter_card":"summary_large_image","twitter_misc":{"Dur\u00e9e de lecture estim\u00e9e":"1 minute"},"schema":{"@context":"https:\/\/schema.org","@graph":[{"@type":"WebPage","@id":"https:\/\/www.girl-boss.com\/index.php\/telechargement-guide-gratuit-13-etapes-pour-creer-votre-entreprise\/","url":"https:\/\/www.girl-boss.com\/index.php\/telechargement-guide-gratuit-13-etapes-pour-creer-votre-entreprise\/","name":"GUIDE GRATUIT : 13 \u00c9tapes pour Cr\u00e9er Votre Entreprise","isPartOf":{"@id":"https:\/\/www.girl-boss.com\/#website"},"primaryImageOfPage":{"@id":"https:\/\/www.girl-boss.com\/index.php\/telechargement-guide-gratuit-13-etapes-pour-creer-votre-entreprise\/#primaryimage"},"image":{"@id":"https:\/\/www.girl-boss.com\/index.php\/telechargement-guide-gratuit-13-etapes-pour-creer-votre-entreprise\/#primaryimage"},"thumbnailUrl":"https:\/\/i0.wp.com\/www.girl-boss.com\/wp-content\/uploads\/2022\/08\/accompagnement-creation-dentreprise-formation-girl-boss-coach-femme-business.png?fit=1080%2C1080&ssl=1","datePublished":"2023-02-20T13:53:10+00:00","dateModified":"2023-02-20T14:03:54+00:00","description":"T\u00e9l\u00e9chargement de votre GUIDE GRATUIT - 13 \u00c9TAPES POUR CR\u00c9ER VOTRE ENTREPRISE : toutes les informations pour cr\u00e9er votre entreprise.","breadcrumb":{"@id":"https:\/\/www.girl-boss.com\/index.php\/telechargement-guide-gratuit-13-etapes-pour-creer-votre-entreprise\/#breadcrumb"},"inLanguage":"fr-FR","potentialAction":[{"@type":"ReadAction","target":["https:\/\/www.girl-boss.com\/index.php\/telechargement-guide-gratuit-13-etapes-pour-creer-votre-entreprise\/"]}]},{"@type":"ImageObject","inLanguage":"fr-FR","@id":"https:\/\/www.girl-boss.com\/index.php\/telechargement-guide-gratuit-13-etapes-pour-creer-votre-entreprise\/#primaryimage","url":"https:\/\/i0.wp.com\/www.girl-boss.com\/wp-content\/uploads\/2022\/08\/accompagnement-creation-dentreprise-formation-girl-boss-coach-femme-business.png?fit=1080%2C1080&ssl=1","contentUrl":"https:\/\/i0.wp.com\/www.girl-boss.com\/wp-content\/uploads\/2022\/08\/accompagnement-creation-dentreprise-formation-girl-boss-coach-femme-business.png?fit=1080%2C1080&ssl=1","width":1080,"height":1080,"caption":"accompagnement cr\u00e9ation d'entreprise, formation girl boss, coach femme business"},{"@type":"BreadcrumbList","@id":"https:\/\/www.girl-boss.com\/index.php\/telechargement-guide-gratuit-13-etapes-pour-creer-votre-entreprise\/#breadcrumb","itemListElement":[{"@type":"ListItem","position":1,"name":"Accueil","item":"https:\/\/www.girl-boss.com\/"},{"@type":"ListItem","position":2,"name":"T\u00c9L\u00c9CHARGEMENT GUIDE GRATUIT &#8211; 13 \u00c9TAPES POUR CR\u00c9ER VOTRE ENTREPRISE"}]},{"@type":"WebSite","@id":"https:\/\/www.girl-boss.com\/#website","url":"https:\/\/www.girl-boss.com\/","name":"GIRL BOSS - Formation Entrepreneuriat F\u00e9minin","description":"Le programme qui accompagne les femmes qui souhaitent devenir entrepreneuses.","publisher":{"@id":"https:\/\/www.girl-boss.com\/#organization"},"potentialAction":[{"@type":"SearchAction","target":{"@type":"EntryPoint","urlTemplate":"https:\/\/www.girl-boss.com\/?s={search_term_string}"},"query-input":{"@type":"PropertyValueSpecification","valueRequired":true,"valueName":"search_term_string"}}],"inLanguage":"fr-FR"},{"@type":"Organization","@id":"https:\/\/www.girl-boss.com\/#organization","name":"GIRL BOSS - Formation Entrepreneuriat F\u00e9minin","url":"https:\/\/www.girl-boss.com\/","logo":{"@type":"ImageObject","inLanguage":"fr-FR","@id":"https:\/\/www.girl-boss.com\/#\/schema\/logo\/image\/","url":"https:\/\/i0.wp.com\/www.girl-boss.com\/wp-content\/uploads\/2022\/08\/Logo-v2-noir.png?fit=5399%2C4618&ssl=1","contentUrl":"https:\/\/i0.wp.com\/www.girl-boss.com\/wp-content\/uploads\/2022\/08\/Logo-v2-noir.png?fit=5399%2C4618&ssl=1","width":5399,"height":4618,"caption":"GIRL BOSS - Formation Entrepreneuriat F\u00e9minin"},"image":{"@id":"https:\/\/www.girl-boss.com\/#\/schema\/logo\/image\/"},"sameAs":["https:\/\/www.instagram.com\/cesareaagency"]}]}},"jetpack_sharing_enabled":true,"_links":{"self":[{"href":"https:\/\/www.girl-boss.com\/index.php\/wp-json\/wp\/v2\/pages\/2415","targetHints":{"allow":["GET"]}}],"collection":[{"href":"https:\/\/www.girl-boss.com\/index.php\/wp-json\/wp\/v2\/pages"}],"about":[{"href":"https:\/\/www.girl-boss.com\/index.php\/wp-json\/wp\/v2\/types\/page"}],"author":[{"embeddable":true,"href":"https:\/\/www.girl-boss.com\/index.php\/wp-json\/wp\/v2\/users\/1"}],"replies":[{"embeddable":true,"href":"https:\/\/www.girl-boss.com\/index.php\/wp-json\/wp\/v2\/comments?post=2415"}],"version-history":[{"count":44,"href":"https:\/\/www.girl-boss.com\/index.php\/wp-json\/wp\/v2\/pages\/2415\/revisions"}],"predecessor-version":[{"id":2465,"href":"https:\/\/www.girl-boss.com\/index.php\/wp-json\/wp\/v2\/pages\/2415\/revisions\/2465"}],"wp:featuredmedia":[{"embeddable":true,"href":"https:\/\/www.girl-boss.com\/index.php\/wp-json\/wp\/v2\/media\/2403"}],"wp:attachment":[{"href":"https:\/\/www.girl-boss.com\/index.php\/wp-json\/wp\/v2\/media?parent=2415"}],"curies":[{"name":"wp","href":"https:\/\/api.w.org\/{rel}","templated":true}]}}