{"id":1213,"date":"2022-10-31T11:19:26","date_gmt":"2022-10-31T10:19:26","guid":{"rendered":"https:\/\/www.girl-boss.com\/?page_id=1213"},"modified":"2022-10-31T11:26:14","modified_gmt":"2022-10-31T10:26:14","slug":"masterclass-reseaux-sociaux-gratuite","status":"publish","type":"page","link":"https:\/\/www.girl-boss.com\/index.php\/masterclass-reseaux-sociaux-gratuite\/","title":{"rendered":"VID\u00c9O MASTERCLASS R\u00c9SEAUX SOCIAUX GRATUITE"},"content":{"rendered":"\t\t<div data-elementor-type=\"wp-page\" data-elementor-id=\"1213\" class=\"elementor elementor-1213\" data-elementor-settings=\"{&quot;ha_cmc_init_switcher&quot;:&quot;no&quot;}\" data-elementor-post-type=\"page\">\n\t\t\t\t\t\t<section class=\"elementor-section elementor-top-section elementor-element elementor-element-b6f4ec8 elementor-section-boxed elementor-section-height-default elementor-section-height-default\" data-id=\"b6f4ec8\" data-element_type=\"section\" data-e-type=\"section\" data-settings=\"{&quot;_ha_eqh_enable&quot;:false}\">\n\t\t\t\t\t\t<div class=\"elementor-container elementor-column-gap-default\">\n\t\t\t\t\t<div class=\"elementor-column elementor-col-100 elementor-top-column elementor-element elementor-element-914a07d\" data-id=\"914a07d\" data-element_type=\"column\" data-e-type=\"column\">\n\t\t\t<div class=\"elementor-widget-wrap elementor-element-populated\">\n\t\t\t\t\t\t<div class=\"elementor-element elementor-element-de034ce elementor-widget elementor-widget-template\" data-id=\"de034ce\" data-element_type=\"widget\" data-e-type=\"widget\" data-widget_type=\"template.default\">\n\t\t\t\t<div class=\"elementor-widget-container\">\n\t\t\t\t\t\t\t<div class=\"elementor-template\">\n\t\t\t\t\t<div data-elementor-type=\"page\" data-elementor-id=\"1230\" class=\"elementor elementor-1230\" data-elementor-settings=\"{&quot;ha_cmc_init_switcher&quot;:&quot;no&quot;}\" data-elementor-post-type=\"elementor_library\">\n\t\t\t\t\t\t<section class=\"elementor-section elementor-top-section elementor-element elementor-element-1ded138 elementor-section-content-middle elementor-section-stretched elementor-section-boxed elementor-section-height-default elementor-section-height-default\" data-id=\"1ded138\" data-element_type=\"section\" data-e-type=\"section\" data-settings=\"{&quot;stretch_section&quot;:&quot;section-stretched&quot;,&quot;background_background&quot;:&quot;classic&quot;,&quot;_ha_eqh_enable&quot;:false}\">\n\t\t\t\t\t\t\t<div class=\"elementor-background-overlay\"><\/div>\n\t\t\t\t\t\t\t<div class=\"elementor-container elementor-column-gap-no\">\n\t\t\t\t\t<div class=\"elementor-column elementor-col-100 elementor-top-column elementor-element elementor-element-4df289d6\" data-id=\"4df289d6\" data-element_type=\"column\" data-e-type=\"column\">\n\t\t\t<div class=\"elementor-widget-wrap elementor-element-populated\">\n\t\t\t\t\t\t<div class=\"elementor-element elementor-element-7e5d4a09 elementor-widget elementor-widget-image\" data-id=\"7e5d4a09\" data-element_type=\"widget\" data-e-type=\"widget\" data-widget_type=\"image.default\">\n\t\t\t\t<div class=\"elementor-widget-container\">\n\t\t\t\t\t\t\t\t\t\t\t\t\t\t\t<img fetchpriority=\"high\" decoding=\"async\" width=\"300\" height=\"257\" src=\"https:\/\/i0.wp.com\/www.girl-boss.com\/wp-content\/uploads\/2022\/08\/Logo-v2-noir.png?fit=300%2C257&amp;ssl=1\" class=\"attachment-medium size-medium wp-image-7\" alt=\"FORMATION GIRL BOSS, DEVENIR UNE ENTREPRENEUSE \u00c0 SUCC\u00c8S, FEMME ENTREPRENEUSE\" srcset=\"https:\/\/i0.wp.com\/www.girl-boss.com\/wp-content\/uploads\/2022\/08\/Logo-v2-noir.png?w=5399&amp;ssl=1 5399w, https:\/\/i0.wp.com\/www.girl-boss.com\/wp-content\/uploads\/2022\/08\/Logo-v2-noir.png?resize=600%2C513&amp;ssl=1 600w, https:\/\/i0.wp.com\/www.girl-boss.com\/wp-content\/uploads\/2022\/08\/Logo-v2-noir.png?resize=300%2C257&amp;ssl=1 300w, https:\/\/i0.wp.com\/www.girl-boss.com\/wp-content\/uploads\/2022\/08\/Logo-v2-noir.png?resize=1024%2C876&amp;ssl=1 1024w, https:\/\/i0.wp.com\/www.girl-boss.com\/wp-content\/uploads\/2022\/08\/Logo-v2-noir.png?resize=768%2C657&amp;ssl=1 768w, https:\/\/i0.wp.com\/www.girl-boss.com\/wp-content\/uploads\/2022\/08\/Logo-v2-noir.png?resize=1536%2C1314&amp;ssl=1 1536w, https:\/\/i0.wp.com\/www.girl-boss.com\/wp-content\/uploads\/2022\/08\/Logo-v2-noir.png?resize=2048%2C1752&amp;ssl=1 2048w, https:\/\/i0.wp.com\/www.girl-boss.com\/wp-content\/uploads\/2022\/08\/Logo-v2-noir.png?resize=1568%2C1341&amp;ssl=1 1568w, https:\/\/i0.wp.com\/www.girl-boss.com\/wp-content\/uploads\/2022\/08\/Logo-v2-noir.png?w=2400&amp;ssl=1 2400w\" sizes=\"(max-width: 300px) 100vw, 300px\" \/>\t\t\t\t\t\t\t\t\t\t\t\t\t\t\t<\/div>\n\t\t\t\t<\/div>\n\t\t\t\t<div class=\"elementor-element elementor-element-2149c44a elementor-widget elementor-widget-heading\" data-id=\"2149c44a\" data-element_type=\"widget\" data-e-type=\"widget\" data-widget_type=\"heading.default\">\n\t\t\t\t<div class=\"elementor-widget-container\">\n\t\t\t\t\t<h3 class=\"elementor-heading-title elementor-size-default\"><strong style=\"font-family: Montserrat;font-size: 30px;white-space: normal\">&nbsp;TA MASTERCLASS GRATUITE SUR LES R\u00c9SEAUX SOCIAUX&nbsp;<\/strong><\/h3>\t\t\t\t<\/div>\n\t\t\t\t<\/div>\n\t\t\t\t<div class=\"elementor-element elementor-element-5ec0391 elementor-widget elementor-widget-video\" data-id=\"5ec0391\" data-element_type=\"widget\" data-e-type=\"widget\" data-settings=\"{&quot;youtube_url&quot;:&quot;https:\\\/\\\/www.youtube.com\\\/watch?v=_qfjiB16IPw&quot;,&quot;video_type&quot;:&quot;youtube&quot;,&quot;controls&quot;:&quot;yes&quot;}\" data-widget_type=\"video.default\">\n\t\t\t\t<div class=\"elementor-widget-container\">\n\t\t\t\t\t\t\t<div class=\"elementor-wrapper elementor-open-inline\">\n\t\t\t<div class=\"elementor-video\"><\/div>\t\t<\/div>\n\t\t\t\t\t\t<\/div>\n\t\t\t\t<\/div>\n\t\t\t\t<div class=\"elementor-element elementor-element-40d5401 elementor-align-center elementor-widget elementor-widget-button\" data-id=\"40d5401\" data-element_type=\"widget\" data-e-type=\"widget\" data-widget_type=\"button.default\">\n\t\t\t\t<div class=\"elementor-widget-container\">\n\t\t\t\t\t\t\t\t\t<div class=\"elementor-button-wrapper\">\n\t\t\t\t\t<a class=\"elementor-button elementor-button-link elementor-size-lg\" href=\"https:\/\/calendly.com\/cesarea-agency\/audit-gratuit-business\">\n\t\t\t\t\t\t<span class=\"elementor-button-content-wrapper\">\n\t\t\t\t\t\t\t\t\t<span class=\"elementor-button-text\">JE PASSE \u00c0 L'ACTION ET JE R\u00c9SERVE MON RENDEZ-VOUS T\u00c9L\u00c9HONIQUE POUR M'INSCRIRE<\/span>\n\t\t\t\t\t<\/span>\n\t\t\t\t\t<\/a>\n\t\t\t\t<\/div>\n\t\t\t\t\t\t\t\t<\/div>\n\t\t\t\t<\/div>\n\t\t\t\t\t<\/div>\n\t\t<\/div>\n\t\t\t\t\t<\/div>\n\t\t<\/section>\n\t\t\t\t<\/div>\n\t\t\t\t<\/div>\n\t\t\t\t\t\t<\/div>\n\t\t\t\t<\/div>\n\t\t\t\t\t<\/div>\n\t\t<\/div>\n\t\t\t\t\t<\/div>\n\t\t<\/section>\n\t\t\t\t<\/div>\n\t\t","protected":false},"excerpt":{"rendered":"","protected":false},"author":1,"featured_media":1219,"parent":0,"menu_order":0,"comment_status":"closed","ping_status":"closed","template":"elementor_canvas","meta":{"_monsterinsights_skip_tracking":false,"_monsterinsights_sitenote_active":false,"_monsterinsights_sitenote_note":"","_monsterinsights_sitenote_category":0,"footnotes":""},"class_list":["post-1213","page","type-page","status-publish","has-post-thumbnail","hentry"],"yoast_head":"<!-- This site is optimized with the Yoast SEO plugin v27.4 - https:\/\/yoast.com\/product\/yoast-seo-wordpress\/ -->\n<title>MASTERCLASS GRATUITE R\u00c9SEAUX SOCIAUX<\/title>\n<meta name=\"description\" content=\"La Masterclass gratuite sur les R\u00e9seaux Sociaux pour cr\u00e9er une communaut\u00e9 engag\u00e9e et booster ses ventes. Voici nos meilleures astuces.\" \/>\n<meta name=\"robots\" content=\"index, follow, max-snippet:-1, max-image-preview:large, max-video-preview:-1\" \/>\n<link rel=\"canonical\" href=\"https:\/\/www.girl-boss.com\/index.php\/masterclass-reseaux-sociaux-gratuite\/\" \/>\n<meta property=\"og:locale\" content=\"fr_FR\" \/>\n<meta property=\"og:type\" content=\"article\" \/>\n<meta property=\"og:title\" content=\"MASTERCLASS GRATUITE R\u00c9SEAUX SOCIAUX\" \/>\n<meta property=\"og:description\" content=\"La Masterclass gratuite sur les R\u00e9seaux Sociaux pour cr\u00e9er une communaut\u00e9 engag\u00e9e et booster ses ventes. Voici nos meilleures astuces.\" \/>\n<meta property=\"og:url\" content=\"https:\/\/www.girl-boss.com\/index.php\/masterclass-reseaux-sociaux-gratuite\/\" \/>\n<meta property=\"og:site_name\" content=\"GIRL BOSS - Formation Entrepreneuriat F\u00e9minin\" \/>\n<meta property=\"article:modified_time\" content=\"2022-10-31T10:26:14+00:00\" \/>\n<meta property=\"og:image\" content=\"https:\/\/www.girl-boss.com\/wp-content\/uploads\/2022\/10\/MASTERCLASS-RESEAUX-SOCIAUX-GRATUITE-1.png\" \/>\n\t<meta property=\"og:image:width\" content=\"1280\" \/>\n\t<meta property=\"og:image:height\" content=\"720\" \/>\n\t<meta property=\"og:image:type\" content=\"image\/png\" \/>\n<meta name=\"twitter:card\" content=\"summary_large_image\" \/>\n<meta name=\"twitter:label1\" content=\"Dur\u00e9e de lecture estim\u00e9e\" \/>\n\t<meta name=\"twitter:data1\" content=\"2 minutes\" \/>\n<script type=\"application\/ld+json\" class=\"yoast-schema-graph\">{\"@context\":\"https:\\\/\\\/schema.org\",\"@graph\":[{\"@type\":\"WebPage\",\"@id\":\"https:\\\/\\\/www.girl-boss.com\\\/index.php\\\/masterclass-reseaux-sociaux-gratuite\\\/\",\"url\":\"https:\\\/\\\/www.girl-boss.com\\\/index.php\\\/masterclass-reseaux-sociaux-gratuite\\\/\",\"name\":\"MASTERCLASS GRATUITE R\u00c9SEAUX SOCIAUX\",\"isPartOf\":{\"@id\":\"https:\\\/\\\/www.girl-boss.com\\\/#website\"},\"primaryImageOfPage\":{\"@id\":\"https:\\\/\\\/www.girl-boss.com\\\/index.php\\\/masterclass-reseaux-sociaux-gratuite\\\/#primaryimage\"},\"image\":{\"@id\":\"https:\\\/\\\/www.girl-boss.com\\\/index.php\\\/masterclass-reseaux-sociaux-gratuite\\\/#primaryimage\"},\"thumbnailUrl\":\"https:\\\/\\\/i0.wp.com\\\/www.girl-boss.com\\\/wp-content\\\/uploads\\\/2022\\\/10\\\/MASTERCLASS-RESEAUX-SOCIAUX-GRATUITE-1.png?fit=1280%2C720&ssl=1\",\"datePublished\":\"2022-10-31T10:19:26+00:00\",\"dateModified\":\"2022-10-31T10:26:14+00:00\",\"description\":\"La Masterclass gratuite sur les R\u00e9seaux Sociaux pour cr\u00e9er une communaut\u00e9 engag\u00e9e et booster ses ventes. Voici nos meilleures astuces.\",\"breadcrumb\":{\"@id\":\"https:\\\/\\\/www.girl-boss.com\\\/index.php\\\/masterclass-reseaux-sociaux-gratuite\\\/#breadcrumb\"},\"inLanguage\":\"fr-FR\",\"potentialAction\":[{\"@type\":\"ReadAction\",\"target\":[\"https:\\\/\\\/www.girl-boss.com\\\/index.php\\\/masterclass-reseaux-sociaux-gratuite\\\/\"]}]},{\"@type\":\"ImageObject\",\"inLanguage\":\"fr-FR\",\"@id\":\"https:\\\/\\\/www.girl-boss.com\\\/index.php\\\/masterclass-reseaux-sociaux-gratuite\\\/#primaryimage\",\"url\":\"https:\\\/\\\/i0.wp.com\\\/www.girl-boss.com\\\/wp-content\\\/uploads\\\/2022\\\/10\\\/MASTERCLASS-RESEAUX-SOCIAUX-GRATUITE-1.png?fit=1280%2C720&ssl=1\",\"contentUrl\":\"https:\\\/\\\/i0.wp.com\\\/www.girl-boss.com\\\/wp-content\\\/uploads\\\/2022\\\/10\\\/MASTERCLASS-RESEAUX-SOCIAUX-GRATUITE-1.png?fit=1280%2C720&ssl=1\",\"width\":1280,\"height\":720,\"caption\":\"MASTERCLASS-RESEAUX-SOCIAUX-GRATUITE\"},{\"@type\":\"BreadcrumbList\",\"@id\":\"https:\\\/\\\/www.girl-boss.com\\\/index.php\\\/masterclass-reseaux-sociaux-gratuite\\\/#breadcrumb\",\"itemListElement\":[{\"@type\":\"ListItem\",\"position\":1,\"name\":\"Accueil\",\"item\":\"https:\\\/\\\/www.girl-boss.com\\\/\"},{\"@type\":\"ListItem\",\"position\":2,\"name\":\"VID\u00c9O MASTERCLASS R\u00c9SEAUX SOCIAUX GRATUITE\"}]},{\"@type\":\"WebSite\",\"@id\":\"https:\\\/\\\/www.girl-boss.com\\\/#website\",\"url\":\"https:\\\/\\\/www.girl-boss.com\\\/\",\"name\":\"GIRL BOSS - Formation Entrepreneuriat F\u00e9minin\",\"description\":\"Le programme qui accompagne les femmes qui souhaitent devenir entrepreneuses.\",\"publisher\":{\"@id\":\"https:\\\/\\\/www.girl-boss.com\\\/#organization\"},\"potentialAction\":[{\"@type\":\"SearchAction\",\"target\":{\"@type\":\"EntryPoint\",\"urlTemplate\":\"https:\\\/\\\/www.girl-boss.com\\\/?s={search_term_string}\"},\"query-input\":{\"@type\":\"PropertyValueSpecification\",\"valueRequired\":true,\"valueName\":\"search_term_string\"}}],\"inLanguage\":\"fr-FR\"},{\"@type\":\"Organization\",\"@id\":\"https:\\\/\\\/www.girl-boss.com\\\/#organization\",\"name\":\"GIRL BOSS - Formation Entrepreneuriat F\u00e9minin\",\"url\":\"https:\\\/\\\/www.girl-boss.com\\\/\",\"logo\":{\"@type\":\"ImageObject\",\"inLanguage\":\"fr-FR\",\"@id\":\"https:\\\/\\\/www.girl-boss.com\\\/#\\\/schema\\\/logo\\\/image\\\/\",\"url\":\"https:\\\/\\\/i0.wp.com\\\/www.girl-boss.com\\\/wp-content\\\/uploads\\\/2022\\\/08\\\/Logo-v2-noir.png?fit=5399%2C4618&ssl=1\",\"contentUrl\":\"https:\\\/\\\/i0.wp.com\\\/www.girl-boss.com\\\/wp-content\\\/uploads\\\/2022\\\/08\\\/Logo-v2-noir.png?fit=5399%2C4618&ssl=1\",\"width\":5399,\"height\":4618,\"caption\":\"GIRL BOSS - Formation Entrepreneuriat F\u00e9minin\"},\"image\":{\"@id\":\"https:\\\/\\\/www.girl-boss.com\\\/#\\\/schema\\\/logo\\\/image\\\/\"},\"sameAs\":[\"https:\\\/\\\/www.instagram.com\\\/cesareaagency\"]}]}<\/script>\n<!-- \/ Yoast SEO plugin. -->","yoast_head_json":{"title":"MASTERCLASS GRATUITE R\u00c9SEAUX SOCIAUX","description":"La Masterclass gratuite sur les R\u00e9seaux Sociaux pour cr\u00e9er une communaut\u00e9 engag\u00e9e et booster ses ventes. Voici nos meilleures astuces.","robots":{"index":"index","follow":"follow","max-snippet":"max-snippet:-1","max-image-preview":"max-image-preview:large","max-video-preview":"max-video-preview:-1"},"canonical":"https:\/\/www.girl-boss.com\/index.php\/masterclass-reseaux-sociaux-gratuite\/","og_locale":"fr_FR","og_type":"article","og_title":"MASTERCLASS GRATUITE R\u00c9SEAUX SOCIAUX","og_description":"La Masterclass gratuite sur les R\u00e9seaux Sociaux pour cr\u00e9er une communaut\u00e9 engag\u00e9e et booster ses ventes. Voici nos meilleures astuces.","og_url":"https:\/\/www.girl-boss.com\/index.php\/masterclass-reseaux-sociaux-gratuite\/","og_site_name":"GIRL BOSS - Formation Entrepreneuriat F\u00e9minin","article_modified_time":"2022-10-31T10:26:14+00:00","og_image":[{"width":1280,"height":720,"url":"https:\/\/www.girl-boss.com\/wp-content\/uploads\/2022\/10\/MASTERCLASS-RESEAUX-SOCIAUX-GRATUITE-1.png","type":"image\/png"}],"twitter_card":"summary_large_image","twitter_misc":{"Dur\u00e9e de lecture estim\u00e9e":"2 minutes"},"schema":{"@context":"https:\/\/schema.org","@graph":[{"@type":"WebPage","@id":"https:\/\/www.girl-boss.com\/index.php\/masterclass-reseaux-sociaux-gratuite\/","url":"https:\/\/www.girl-boss.com\/index.php\/masterclass-reseaux-sociaux-gratuite\/","name":"MASTERCLASS GRATUITE R\u00c9SEAUX SOCIAUX","isPartOf":{"@id":"https:\/\/www.girl-boss.com\/#website"},"primaryImageOfPage":{"@id":"https:\/\/www.girl-boss.com\/index.php\/masterclass-reseaux-sociaux-gratuite\/#primaryimage"},"image":{"@id":"https:\/\/www.girl-boss.com\/index.php\/masterclass-reseaux-sociaux-gratuite\/#primaryimage"},"thumbnailUrl":"https:\/\/i0.wp.com\/www.girl-boss.com\/wp-content\/uploads\/2022\/10\/MASTERCLASS-RESEAUX-SOCIAUX-GRATUITE-1.png?fit=1280%2C720&ssl=1","datePublished":"2022-10-31T10:19:26+00:00","dateModified":"2022-10-31T10:26:14+00:00","description":"La Masterclass gratuite sur les R\u00e9seaux Sociaux pour cr\u00e9er une communaut\u00e9 engag\u00e9e et booster ses ventes. Voici nos meilleures astuces.","breadcrumb":{"@id":"https:\/\/www.girl-boss.com\/index.php\/masterclass-reseaux-sociaux-gratuite\/#breadcrumb"},"inLanguage":"fr-FR","potentialAction":[{"@type":"ReadAction","target":["https:\/\/www.girl-boss.com\/index.php\/masterclass-reseaux-sociaux-gratuite\/"]}]},{"@type":"ImageObject","inLanguage":"fr-FR","@id":"https:\/\/www.girl-boss.com\/index.php\/masterclass-reseaux-sociaux-gratuite\/#primaryimage","url":"https:\/\/i0.wp.com\/www.girl-boss.com\/wp-content\/uploads\/2022\/10\/MASTERCLASS-RESEAUX-SOCIAUX-GRATUITE-1.png?fit=1280%2C720&ssl=1","contentUrl":"https:\/\/i0.wp.com\/www.girl-boss.com\/wp-content\/uploads\/2022\/10\/MASTERCLASS-RESEAUX-SOCIAUX-GRATUITE-1.png?fit=1280%2C720&ssl=1","width":1280,"height":720,"caption":"MASTERCLASS-RESEAUX-SOCIAUX-GRATUITE"},{"@type":"BreadcrumbList","@id":"https:\/\/www.girl-boss.com\/index.php\/masterclass-reseaux-sociaux-gratuite\/#breadcrumb","itemListElement":[{"@type":"ListItem","position":1,"name":"Accueil","item":"https:\/\/www.girl-boss.com\/"},{"@type":"ListItem","position":2,"name":"VID\u00c9O MASTERCLASS R\u00c9SEAUX SOCIAUX GRATUITE"}]},{"@type":"WebSite","@id":"https:\/\/www.girl-boss.com\/#website","url":"https:\/\/www.girl-boss.com\/","name":"GIRL BOSS - Formation Entrepreneuriat F\u00e9minin","description":"Le programme qui accompagne les femmes qui souhaitent devenir entrepreneuses.","publisher":{"@id":"https:\/\/www.girl-boss.com\/#organization"},"potentialAction":[{"@type":"SearchAction","target":{"@type":"EntryPoint","urlTemplate":"https:\/\/www.girl-boss.com\/?s={search_term_string}"},"query-input":{"@type":"PropertyValueSpecification","valueRequired":true,"valueName":"search_term_string"}}],"inLanguage":"fr-FR"},{"@type":"Organization","@id":"https:\/\/www.girl-boss.com\/#organization","name":"GIRL BOSS - Formation Entrepreneuriat F\u00e9minin","url":"https:\/\/www.girl-boss.com\/","logo":{"@type":"ImageObject","inLanguage":"fr-FR","@id":"https:\/\/www.girl-boss.com\/#\/schema\/logo\/image\/","url":"https:\/\/i0.wp.com\/www.girl-boss.com\/wp-content\/uploads\/2022\/08\/Logo-v2-noir.png?fit=5399%2C4618&ssl=1","contentUrl":"https:\/\/i0.wp.com\/www.girl-boss.com\/wp-content\/uploads\/2022\/08\/Logo-v2-noir.png?fit=5399%2C4618&ssl=1","width":5399,"height":4618,"caption":"GIRL BOSS - Formation Entrepreneuriat F\u00e9minin"},"image":{"@id":"https:\/\/www.girl-boss.com\/#\/schema\/logo\/image\/"},"sameAs":["https:\/\/www.instagram.com\/cesareaagency"]}]}},"jetpack_sharing_enabled":true,"_links":{"self":[{"href":"https:\/\/www.girl-boss.com\/index.php\/wp-json\/wp\/v2\/pages\/1213","targetHints":{"allow":["GET"]}}],"collection":[{"href":"https:\/\/www.girl-boss.com\/index.php\/wp-json\/wp\/v2\/pages"}],"about":[{"href":"https:\/\/www.girl-boss.com\/index.php\/wp-json\/wp\/v2\/types\/page"}],"author":[{"embeddable":true,"href":"https:\/\/www.girl-boss.com\/index.php\/wp-json\/wp\/v2\/users\/1"}],"replies":[{"embeddable":true,"href":"https:\/\/www.girl-boss.com\/index.php\/wp-json\/wp\/v2\/comments?post=1213"}],"version-history":[{"count":4,"href":"https:\/\/www.girl-boss.com\/index.php\/wp-json\/wp\/v2\/pages\/1213\/revisions"}],"predecessor-version":[{"id":1236,"href":"https:\/\/www.girl-boss.com\/index.php\/wp-json\/wp\/v2\/pages\/1213\/revisions\/1236"}],"wp:featuredmedia":[{"embeddable":true,"href":"https:\/\/www.girl-boss.com\/index.php\/wp-json\/wp\/v2\/media\/1219"}],"wp:attachment":[{"href":"https:\/\/www.girl-boss.com\/index.php\/wp-json\/wp\/v2\/media?parent=1213"}],"curies":[{"name":"wp","href":"https:\/\/api.w.org\/{rel}","templated":true}]}}